{"id":3186,"date":"2022-02-11T14:46:30","date_gmt":"2022-02-11T12:46:30","guid":{"rendered":"https:\/\/caravel.gr\/aeroporto-di-chania\/"},"modified":"2022-06-09T13:07:24","modified_gmt":"2022-06-09T10:07:24","slug":"aeroporto-di-chania","status":"publish","type":"page","link":"https:\/\/caravel.gr\/it\/aeroporto-di-chania\/","title":{"rendered":"Aeroporto di Chania"},"content":{"rendered":"\t\t<div data-elementor-type=\"wp-page\" data-elementor-id=\"3186\" class=\"elementor elementor-3186 elementor-2811\" data-elementor-post-type=\"page\">\n\t\t\t\t\t\t<section class=\"elementor-section elementor-top-section elementor-element elementor-element-4a0e6ba elementor-section-content-middle elementor-section-stretched elementor-section-boxed elementor-section-height-default elementor-section-height-default\" data-id=\"4a0e6ba\" data-element_type=\"section\" data-e-type=\"section\" data-settings=\"{&quot;stretch_section&quot;:&quot;section-stretched&quot;}\">\n\t\t\t\t\t\t<div class=\"elementor-container elementor-column-gap-default\">\n\t\t\t\t\t<div class=\"elementor-column elementor-col-100 elementor-top-column elementor-element elementor-element-8a44527\" data-id=\"8a44527\" data-element_type=\"column\" data-e-type=\"column\">\n\t\t\t<div class=\"elementor-widget-wrap elementor-element-populated\">\n\t\t\t\t\t\t<div class=\"elementor-element elementor-element-4f1294b0 elementor-widget__width-initial elementor-absolute elementor-widget-mobile__width-initial elementor-widget elementor-widget-heading\" data-id=\"4f1294b0\" data-element_type=\"widget\" data-e-type=\"widget\" data-settings=\"{&quot;_position&quot;:&quot;absolute&quot;}\" data-widget_type=\"heading.default\">\n\t\t\t\t<div class=\"elementor-widget-container\">\n\t\t\t\t\t<h2 class=\"elementor-heading-title elementor-size-default\">AEROPORTO<\/h2>\t\t\t\t<\/div>\n\t\t\t\t<\/div>\n\t\t\t\t<div class=\"elementor-element elementor-element-1361ca69 premium-header-block premium-lq__none premium-box-lq__none elementor-widget elementor-widget-premium-addon-dual-header\" data-id=\"1361ca69\" data-element_type=\"widget\" data-e-type=\"widget\" data-settings=\"{&quot;_animation_tablet&quot;:&quot;none&quot;,&quot;_animation_mobile&quot;:&quot;none&quot;}\" data-widget_type=\"premium-addon-dual-header.default\">\n\t\t\t\t\t\n\t\t<div class=\"elementor-widget-container\">\n\t\t\t\t\t<h2 class=\"premium-dual-header-first-header \"><span class=\"premium-dual-header-first-span\">Autonoleggio Creta Chania aeroporto <\/span><span class=\"premium-dual-header-second-header \">  CARAVEL NOLEGGIO AUTO CRETA<\/span><\/h2> \t\t\t\t<\/div>\n\n\t\t\t\t\t\t<\/div>\n\t\t\t\t<div class=\"elementor-element elementor-element-4935e4d6 elementor-widget-divider--view-line elementor-widget elementor-widget-divider\" data-id=\"4935e4d6\" data-element_type=\"widget\" data-e-type=\"widget\" data-settings=\"{&quot;_animation_tablet&quot;:&quot;none&quot;,&quot;_animation_mobile&quot;:&quot;none&quot;}\" data-widget_type=\"divider.default\">\n\t\t\t\t<div class=\"elementor-widget-container\">\n\t\t\t\t\t\t\t<div class=\"elementor-divider\">\n\t\t\t<span class=\"elementor-divider-separator\">\n\t\t\t\t\t\t<\/span>\n\t\t<\/div>\n\t\t\t\t\t\t<\/div>\n\t\t\t\t<\/div>\n\t\t\t\t<div class=\"elementor-element elementor-element-688302a elementor-widget elementor-widget-text-editor\" data-id=\"688302a\" data-element_type=\"widget\" data-e-type=\"widget\" data-settings=\"{&quot;_animation_tablet&quot;:&quot;none&quot;,&quot;_animation_mobile&quot;:&quot;none&quot;}\" data-widget_type=\"text-editor.default\">\n\t\t\t\t<div class=\"elementor-widget-container\">\n\t\t\t\t\t\t\t\t\t<h3 class=\"rtecenter\"><strong>CHANIA Aeroporto:<\/strong><\/h3><p class=\"rtecenter\"><strong>Indirizzo<\/strong> : stazione di Akrotiri, aeroporto di Chania, 73100<br><strong>Cellulare<\/strong> : +30.6937.200391<\/p>\t\t\t\t\t\t\t\t<\/div>\n\t\t\t\t<\/div>\n\t\t\t\t\t<\/div>\n\t\t<\/div>\n\t\t\t\t\t<\/div>\n\t\t<\/section>\n\t\t\t\t<section class=\"elementor-section elementor-top-section elementor-element elementor-element-0f86a27 elementor-section-boxed elementor-section-height-default elementor-section-height-default\" data-id=\"0f86a27\" data-element_type=\"section\" data-e-type=\"section\">\n\t\t\t\t\t\t<div class=\"elementor-container elementor-column-gap-default\">\n\t\t\t\t\t<div class=\"elementor-column elementor-col-100 elementor-top-column elementor-element elementor-element-45b70b7\" data-id=\"45b70b7\" data-element_type=\"column\" data-e-type=\"column\">\n\t\t\t<div class=\"elementor-widget-wrap elementor-element-populated\">\n\t\t\t\t\t\t<div class=\"elementor-element elementor-element-2dcf592 elementor-widget elementor-widget-text-editor\" data-id=\"2dcf592\" data-element_type=\"widget\" data-e-type=\"widget\" data-widget_type=\"text-editor.default\">\n\t\t\t\t<div class=\"elementor-widget-container\">\n\t\t\t\t\t\t\t\t\t<p style=\"text-align: center;\">Autonoleggio Creta Chania aeroporto con Caravel e non preoccuparti di come raggiungere il nostro ufficio. Un partner di Caravel pu\u00f2 aspettarti. Nessun costo aggiuntivo!<\/p><p style=\"text-align: center;\">Chania Airport Daskalogiannis \u00e8 un aeroporto internazionale. Si trova vicino a Souda Bay sulla penisola di Akrotiri nell&#8217;isola di Creta. Serve la citt\u00e0 di Chania, a 14 chilometri di distanza. Inoltre, \u00e8 una porta d&#8217;accesso alla Creta occidentale per un numero crescente di turisti.<\/p><p style=\"text-align: center;\">L&#8217;aeroporto prende il nome da Daskalogiannis. Un ribelle cretese contro il dominio ottomano nel 18\u00b0 secolo ed \u00e8 un aeroporto congiunto civile-militare. \u00c8 il sesto aeroporto pi\u00f9 trafficato della Grecia.<\/p><p style=\"text-align: center;\">In Caravel Rent A Car, capiamo che desideri avere un modo semplice e veloce per iniziare le tue vacanze a Creta. Quindi il nostro partner ti aspetter\u00e0 per consegnare la tua auto all&#8217;aeroporto di Chania senza costi aggiuntivi!<\/p><p style=\"text-align: center;\">La nostra flotta degli ultimi modelli offre noleggio auto a buon mercato ed \u00e8 a tua disposizione sia per affari che per piacere. Con Caravel Car Rental Creta, hai 40 anni di esperienza al tuo fianco. Noleggia un&#8217;auto con Caravel e goditi la tua vacanza sulla nostra meravigliosa isola!<\/p><p style=\"text-align: center;\">Dai un&#8217;occhiata alla nostra flotta <a href=\"https:\/\/caravel.gr\/it\/our-fleet-italian\/\">qui<\/a><\/p>\t\t\t\t\t\t\t\t<\/div>\n\t\t\t\t<\/div>\n\t\t\t\t\t<\/div>\n\t\t<\/div>\n\t\t\t\t\t<\/div>\n\t\t<\/section>\n\t\t\t\t<section class=\"elementor-section elementor-top-section elementor-element elementor-element-dcc174f elementor-section-boxed elementor-section-height-default elementor-section-height-default\" data-id=\"dcc174f\" data-element_type=\"section\" data-e-type=\"section\">\n\t\t\t\t\t\t<div class=\"elementor-container elementor-column-gap-default\">\n\t\t\t\t\t<div class=\"elementor-column elementor-col-100 elementor-top-column elementor-element elementor-element-ddb4a72\" data-id=\"ddb4a72\" data-element_type=\"column\" data-e-type=\"column\">\n\t\t\t<div class=\"elementor-widget-wrap elementor-element-populated\">\n\t\t\t\t\t\t<div class=\"elementor-element elementor-element-2c51aa5 elementor-widget elementor-widget-video\" data-id=\"2c51aa5\" data-element_type=\"widget\" data-e-type=\"widget\" data-settings=\"{&quot;youtube_url&quot;:&quot;https:\\\/\\\/www.youtube.com\\\/watch?v=nES9QVWeYwU&quot;,&quot;video_type&quot;:&quot;youtube&quot;,&quot;controls&quot;:&quot;yes&quot;}\" data-widget_type=\"video.default\">\n\t\t\t\t<div class=\"elementor-widget-container\">\n\t\t\t\t\t\t\t<div class=\"elementor-wrapper elementor-open-inline\">\n\t\t\t<div class=\"elementor-video\"><\/div>\t\t<\/div>\n\t\t\t\t\t\t<\/div>\n\t\t\t\t<\/div>\n\t\t\t\t\t<\/div>\n\t\t<\/div>\n\t\t\t\t\t<\/div>\n\t\t<\/section>\n\t\t\t\t<section class=\"elementor-section elementor-top-section elementor-element elementor-element-c35d96c elementor-section-full_width elementor-section-height-min-height elementor-section-height-default elementor-section-items-middle\" data-id=\"c35d96c\" data-element_type=\"section\" data-e-type=\"section\">\n\t\t\t\t\t\t<div class=\"elementor-container elementor-column-gap-default\">\n\t\t\t\t\t<div class=\"elementor-column elementor-col-100 elementor-top-column elementor-element elementor-element-1319528\" data-id=\"1319528\" data-element_type=\"column\" data-e-type=\"column\">\n\t\t\t<div class=\"elementor-widget-wrap elementor-element-populated\">\n\t\t\t\t\t\t<div class=\"elementor-element elementor-element-8bfd64b elementor-widget elementor-widget-heading\" data-id=\"8bfd64b\" data-element_type=\"widget\" data-e-type=\"widget\" data-widget_type=\"heading.default\">\n\t\t\t\t<div class=\"elementor-widget-container\">\n\t\t\t\t\t<h2 class=\"elementor-heading-title elementor-size-default\">Ottieni indicazioni per il nostro ufficio\/parcheggio all'aeroporto di Chania<\/h2>\t\t\t\t<\/div>\n\t\t\t\t<\/div>\n\t\t\t\t<div class=\"elementor-element elementor-element-892be7c elementor-widget elementor-widget-google_maps\" data-id=\"892be7c\" data-element_type=\"widget\" data-e-type=\"widget\" data-widget_type=\"google_maps.default\">\n\t\t\t\t<div class=\"elementor-widget-container\">\n\t\t\t\t\t\t\t<div class=\"elementor-custom-embed\">\n\t\t\t<iframe loading=\"lazy\"\n\t\t\t\t\tsrc=\"https:\/\/maps.google.com\/maps?q=Caravel%20Car%20Hire%20Akrotiri%20Station&#038;t=m&#038;z=15&#038;output=embed&#038;iwloc=near\"\n\t\t\t\t\ttitle=\"Caravel Car Hire Akrotiri Station\"\n\t\t\t\t\taria-label=\"Caravel Car Hire Akrotiri Station\"\n\t\t\t><\/iframe>\n\t\t<\/div>\n\t\t\t\t\t\t<\/div>\n\t\t\t\t<\/div>\n\t\t\t\t<div class=\"elementor-element elementor-element-8ed7084 elementor-widget elementor-widget-accordion\" data-id=\"8ed7084\" data-element_type=\"widget\" data-e-type=\"widget\" data-widget_type=\"accordion.default\">\n\t\t\t\t<div class=\"elementor-widget-container\">\n\t\t\t\t\t\t\t<div class=\"elementor-accordion\">\n\t\t\t\t\t\t\t<div class=\"elementor-accordion-item\">\n\t\t\t\t\t<div id=\"elementor-tab-title-1491\" class=\"elementor-tab-title\" data-tab=\"1\" role=\"button\" aria-controls=\"elementor-tab-content-1491\" aria-expanded=\"false\">\n\t\t\t\t\t\t\t\t\t\t\t\t\t<span class=\"elementor-accordion-icon elementor-accordion-icon-left\" aria-hidden=\"true\">\n\t\t\t\t\t\t\t\t\t\t\t\t\t\t\t<span class=\"elementor-accordion-icon-closed\"><i class=\"fas fa-plus\"><\/i><\/span>\n\t\t\t\t\t\t\t\t<span class=\"elementor-accordion-icon-opened\"><i class=\"fas fa-minus\"><\/i><\/span>\n\t\t\t\t\t\t\t\t\t\t\t\t\t\t<\/span>\n\t\t\t\t\t\t\t\t\t\t\t\t<a class=\"elementor-accordion-title\" tabindex=\"0\">Informazioni Utili<\/a>\n\t\t\t\t\t<\/div>\n\t\t\t\t\t<div id=\"elementor-tab-content-1491\" class=\"elementor-tab-content elementor-clearfix\" data-tab=\"1\" role=\"region\" aria-labelledby=\"elementor-tab-title-1491\"><div class=\"elementor elementor-14 elementor-location-single post-2811 page type-page status-publish has-post-thumbnail hentry\" data-elementor-type=\"single-page\" data-elementor-id=\"14\"><section class=\"elementor-section elementor-top-section elementor-element elementor-element-981cacf elementor-section-full_width elementor-section-height-default elementor-section-height-default\" data-id=\"981cacf\" data-element_type=\"section\"><div class=\"elementor-container elementor-column-gap-default\"><div class=\"elementor-column elementor-col-100 elementor-top-column elementor-element elementor-element-b7bddff\" data-id=\"b7bddff\" data-element_type=\"column\" data-settings=\"{&quot;background_background&quot;:&quot;classic&quot;}\"><div class=\"elementor-widget-wrap elementor-element-populated\"><div class=\"elementor-element elementor-element-75d39736 elementor-widget elementor-widget-theme-post-content\" data-id=\"75d39736\" data-element_type=\"widget\" data-widget_type=\"theme-post-content.default\"><div class=\"elementor-widget-container\"><div class=\"elementor elementor-2811 elementor-motion-effects-parent\" data-elementor-type=\"wp-page\" data-elementor-id=\"2811\"><section class=\"elementor-section elementor-top-section elementor-element elementor-element-d87a3cf elementor-section-boxed elementor-section-height-default elementor-section-height-default\" data-id=\"d87a3cf\" data-element_type=\"section\"><div class=\"elementor-container elementor-column-gap-default\"><div class=\"elementor-column elementor-col-100 elementor-top-column elementor-element elementor-element-25a8e0c\" data-id=\"25a8e0c\" data-element_type=\"column\"><div class=\"elementor-widget-wrap elementor-element-populated\"><div class=\"elementor-element elementor-element-56dbbe1 elementor-widget elementor-widget-accordion\" data-id=\"56dbbe1\" data-element_type=\"widget\" data-widget_type=\"accordion.default\"><div class=\"elementor-widget-container\"><div class=\"elementor-accordion\" role=\"tablist\"><div class=\"elementor-accordion-item\"><div id=\"elementor-tab-content-9101\" class=\"elementor-tab-content elementor-clearfix elementor-active\" role=\"tabpanel\" data-tab=\"1\" aria-labelledby=\"elementor-tab-title-9101\"><p>Telephone center:+30 28210-83800<br \/>Fax:+30 28210-66100<br \/>AFTN:LGSAYDYC<br \/>E-mail:kaxnd@hcaa.gr<\/p><p>AIRPORT ADMINISTRATION<br \/>1. MANAGEMENT<br \/>Civil Airport Manager<br \/>M. LAMPATHAKI<br \/>Phone no:+30 28210-83801<br \/>Fax :+30 28210-66100<br \/>E-mail:kaxnd@hcaa.gr<\/p><p>2. DEPARTMENTS\u2013OFFICES<br \/>a.Technical Support Department<br \/>Phone no:+30 28210-83814<br \/>Fax :+30 28210-66100<br \/>E-mail:kaxndyp@hcaa.gr<\/p><p>b. Electronics Department<br \/>Phone no:+30 28210-83806, +30 28210-83819<br \/>Fax:+30 28210-83835<br \/>E-mail:d19id@hcaa.gr<\/p><p>c. Telecommunications Department<br \/>Phone no:+30 28210-83805, + 30 28210-66357<br \/>Fax:+30 28210-66100<br \/>E-mail:d5iz@hcaa.gr<br \/>AFTN: LGSAYTYX<\/p><p>d. Airport Operation Department<br \/>Phone no:+30 28210-83803, + 30 28210-83832<br \/>Fax: + 30 28210-65653<br \/>\u0395-mail:kaxndar@hcaa.gr<\/p><p>e. Airport Security Office<br \/>Phone no: +30 28210-83832<br \/>Fax:+30 28210-65653<br \/>E-mail:kaxndgas@hcaa.gr<\/p><\/div><\/div><\/div><\/div><\/div><\/div><\/div><\/div><\/section><\/div><\/div><\/div><\/div><\/div><\/div><\/section><\/div><div class=\"elementor elementor-1741 elementor-location-footer\" data-elementor-type=\"footer\" data-elementor-id=\"1741\"><section class=\"elementor-section elementor-top-section elementor-element elementor-element-02e5421 elementor-section-content-middle elementor-section-boxed elementor-section-height-default elementor-section-height-default\" data-id=\"02e5421\" data-element_type=\"section\" data-settings=\"{&quot;background_background&quot;:&quot;gradient&quot;}\"><div class=\"elementor-container elementor-column-gap-default\"><div class=\"elementor-column elementor-col-50 elementor-top-column elementor-element elementor-element-5aafb56\" data-id=\"5aafb56\" data-element_type=\"column\" data-settings=\"{&quot;background_background&quot;:&quot;classic&quot;}\"><div class=\"elementor-widget-wrap elementor-element-populated\"><div class=\"elementor-element elementor-element-9b5db8e elementor-widget elementor-widget-heading\" data-id=\"9b5db8e\" data-element_type=\"widget\" data-widget_type=\"heading.default\"><div class=\"elementor-widget-container\">\u00a0<\/div><\/div><\/div><\/div><\/div><\/section><\/div><\/div>\n\t\t\t\t<\/div>\n\t\t\t\t\t\t\t\t<\/div>\n\t\t\t\t\t\t<\/div>\n\t\t\t\t<\/div>\n\t\t\t\t\t<\/div>\n\t\t<\/div>\n\t\t\t\t\t<\/div>\n\t\t<\/section>\n\t\t\t\t<section class=\"elementor-section elementor-top-section elementor-element elementor-element-8b01560 elementor-section-height-min-height elementor-section-content-middle elementor-section-boxed elementor-section-height-default elementor-section-items-middle\" data-id=\"8b01560\" data-element_type=\"section\" data-e-type=\"section\" data-settings=\"{&quot;background_background&quot;:&quot;classic&quot;,&quot;background_motion_fx_motion_fx_scrolling&quot;:&quot;yes&quot;,&quot;background_motion_fx_translateY_effect&quot;:&quot;yes&quot;,&quot;background_motion_fx_translateY_speed&quot;:{&quot;unit&quot;:&quot;px&quot;,&quot;size&quot;:5,&quot;sizes&quot;:[]},&quot;background_motion_fx_scale_effect&quot;:&quot;yes&quot;,&quot;background_motion_fx_scale_direction&quot;:&quot;in-out&quot;,&quot;background_motion_fx_range&quot;:&quot;viewport&quot;,&quot;background_motion_fx_translateY_affectedRange&quot;:{&quot;unit&quot;:&quot;%&quot;,&quot;size&quot;:&quot;&quot;,&quot;sizes&quot;:{&quot;start&quot;:0,&quot;end&quot;:100}},&quot;background_motion_fx_scale_speed&quot;:{&quot;unit&quot;:&quot;px&quot;,&quot;size&quot;:4,&quot;sizes&quot;:[]},&quot;background_motion_fx_scale_range&quot;:{&quot;unit&quot;:&quot;%&quot;,&quot;size&quot;:&quot;&quot;,&quot;sizes&quot;:{&quot;start&quot;:20,&quot;end&quot;:80}},&quot;background_motion_fx_devices&quot;:[&quot;desktop&quot;,&quot;tablet&quot;,&quot;mobile&quot;]}\">\n\t\t\t\t\t\t<div class=\"elementor-container elementor-column-gap-default\">\n\t\t\t\t\t<div class=\"elementor-column elementor-col-100 elementor-top-column elementor-element elementor-element-97cb31b\" data-id=\"97cb31b\" data-element_type=\"column\" data-e-type=\"column\">\n\t\t\t<div class=\"elementor-widget-wrap elementor-element-populated\">\n\t\t\t\t\t\t\t<\/div>\n\t\t<\/div>\n\t\t\t\t\t<\/div>\n\t\t<\/section>\n\t\t\t\t<\/div>\n\t\t","protected":false},"excerpt":{"rendered":"<p>AEROPORTO Autonoleggio Creta Chania aeroporto CARAVEL NOLEGGIO AUTO CRETA CHANIA Aeroporto: Indirizzo : stazione di Akrotiri, aeroporto di Chania, 73100Cellulare : +30.6937.200391 Autonoleggio Creta Chania aeroporto con Caravel e non preoccuparti di come raggiungere il nostro ufficio. Un partner di Caravel pu\u00f2 aspettarti. Nessun costo aggiuntivo! Chania Airport Daskalogiannis \u00e8 un aeroporto internazionale. Si trova [&hellip;]<\/p>\n","protected":false},"author":4,"featured_media":3839,"parent":0,"menu_order":0,"comment_status":"closed","ping_status":"closed","template":"","meta":{"footnotes":""},"class_list":["post-3186","page","type-page","status-publish","has-post-thumbnail","hentry"],"yoast_head":"<!-- This site is optimized with the Yoast SEO Premium plugin v22.7 (Yoast SEO v27.4) - https:\/\/yoast.com\/product\/yoast-seo-premium-wordpress\/ -->\n<title>Autonoleggio Creta Chania aeroporto \u2022 Caravel Noleggio Auto Creta<\/title>\n<meta name=\"description\" content=\"Autonoleggio Creta Chania aeroporto con Caravel e non preoccuparti di come raggiungere il nostro ufficio. Un partner di Caravel pu\u00f2...\" \/>\n<meta name=\"robots\" content=\"index, follow, max-snippet:-1, max-image-preview:large, max-video-preview:-1\" \/>\n<link rel=\"canonical\" href=\"https:\/\/caravel.gr\/chania-airport\/\" \/>\n<meta property=\"og:locale\" content=\"it_IT\" \/>\n<meta property=\"og:type\" content=\"article\" \/>\n<meta property=\"og:title\" content=\"Aeroporto di Chania\" \/>\n<meta property=\"og:description\" content=\"Autonoleggio Creta Chania aeroporto con Caravel e non preoccuparti di come raggiungere il nostro ufficio. Un partner di Caravel pu\u00f2...\" \/>\n<meta property=\"og:url\" content=\"https:\/\/caravel.gr\/chania-airport\/\" \/>\n<meta property=\"og:site_name\" content=\"Rent A Car Crete with Caravel\" \/>\n<meta property=\"article:modified_time\" content=\"2022-06-09T10:07:24+00:00\" \/>\n<meta property=\"og:image\" content=\"https:\/\/caravel.gr\/wp-content\/uploads\/2022\/05\/chaniaairpor.jpg\" \/>\n\t<meta property=\"og:image:width\" content=\"1080\" \/>\n\t<meta property=\"og:image:height\" content=\"727\" \/>\n\t<meta property=\"og:image:type\" content=\"image\/jpeg\" \/>\n<meta name=\"twitter:card\" content=\"summary_large_image\" \/>\n<meta name=\"twitter:label1\" content=\"Tempo di lettura stimato\" \/>\n\t<meta name=\"twitter:data1\" content=\"3 minuti\" \/>\n<script type=\"application\/ld+json\" class=\"yoast-schema-graph\">{\"@context\":\"https:\\\/\\\/schema.org\",\"@graph\":[{\"@type\":\"WebPage\",\"@id\":\"https:\\\/\\\/caravel.gr\\\/chania-airport\\\/\",\"url\":\"https:\\\/\\\/caravel.gr\\\/chania-airport\\\/\",\"name\":\"Autonoleggio Creta Chania aeroporto \u2022 Caravel Noleggio Auto Creta\",\"isPartOf\":{\"@id\":\"https:\\\/\\\/caravel.gr\\\/#website\"},\"primaryImageOfPage\":{\"@id\":\"https:\\\/\\\/caravel.gr\\\/chania-airport\\\/#primaryimage\"},\"image\":{\"@id\":\"https:\\\/\\\/caravel.gr\\\/chania-airport\\\/#primaryimage\"},\"thumbnailUrl\":\"https:\\\/\\\/caravel.gr\\\/wp-content\\\/uploads\\\/2022\\\/05\\\/chaniaairpor.jpg\",\"datePublished\":\"2022-02-11T12:46:30+00:00\",\"dateModified\":\"2022-06-09T10:07:24+00:00\",\"description\":\"Autonoleggio Creta Chania aeroporto con Caravel e non preoccuparti di come raggiungere il nostro ufficio. Un partner di Caravel pu\u00f2...\",\"breadcrumb\":{\"@id\":\"https:\\\/\\\/caravel.gr\\\/chania-airport\\\/#breadcrumb\"},\"inLanguage\":\"it-IT\",\"potentialAction\":[{\"@type\":\"ReadAction\",\"target\":[\"https:\\\/\\\/caravel.gr\\\/chania-airport\\\/\"]}]},{\"@type\":\"ImageObject\",\"inLanguage\":\"it-IT\",\"@id\":\"https:\\\/\\\/caravel.gr\\\/chania-airport\\\/#primaryimage\",\"url\":\"https:\\\/\\\/caravel.gr\\\/wp-content\\\/uploads\\\/2022\\\/05\\\/chaniaairpor.jpg\",\"contentUrl\":\"https:\\\/\\\/caravel.gr\\\/wp-content\\\/uploads\\\/2022\\\/05\\\/chaniaairpor.jpg\",\"width\":1080,\"height\":727,\"caption\":\"Autonoleggio Creta Chania aeroporto \u2022 Caravel Noleggio Auto Creta\"},{\"@type\":\"BreadcrumbList\",\"@id\":\"https:\\\/\\\/caravel.gr\\\/chania-airport\\\/#breadcrumb\",\"itemListElement\":[{\"@type\":\"ListItem\",\"position\":1,\"name\":\"Home\",\"item\":\"https:\\\/\\\/caravel.gr\\\/\"},{\"@type\":\"ListItem\",\"position\":2,\"name\":\"Aeroporto di Chania\"}]},{\"@type\":\"WebSite\",\"@id\":\"https:\\\/\\\/caravel.gr\\\/#website\",\"url\":\"https:\\\/\\\/caravel.gr\\\/\",\"name\":\"Rent A Car Crete with Caravel\",\"description\":\"Car Hire in Crete\",\"publisher\":{\"@id\":\"https:\\\/\\\/caravel.gr\\\/#organization\"},\"potentialAction\":[{\"@type\":\"SearchAction\",\"target\":{\"@type\":\"EntryPoint\",\"urlTemplate\":\"https:\\\/\\\/caravel.gr\\\/?s={search_term_string}\"},\"query-input\":{\"@type\":\"PropertyValueSpecification\",\"valueRequired\":true,\"valueName\":\"search_term_string\"}}],\"inLanguage\":\"it-IT\"},{\"@type\":\"Organization\",\"@id\":\"https:\\\/\\\/caravel.gr\\\/#organization\",\"name\":\"Rent A Car Crete with Caravel\",\"url\":\"https:\\\/\\\/caravel.gr\\\/\",\"logo\":{\"@type\":\"ImageObject\",\"inLanguage\":\"it-IT\",\"@id\":\"https:\\\/\\\/caravel.gr\\\/#\\\/schema\\\/logo\\\/image\\\/\",\"url\":\"https:\\\/\\\/caravel.gr\\\/wp-content\\\/uploads\\\/2022\\\/01\\\/caravel-logo_0_0.jpg\",\"contentUrl\":\"https:\\\/\\\/caravel.gr\\\/wp-content\\\/uploads\\\/2022\\\/01\\\/caravel-logo_0_0.jpg\",\"width\":210,\"height\":80,\"caption\":\"Rent A Car Crete with Caravel\"},\"image\":{\"@id\":\"https:\\\/\\\/caravel.gr\\\/#\\\/schema\\\/logo\\\/image\\\/\"}}]}<\/script>\n<!-- \/ Yoast SEO Premium plugin. -->","yoast_head_json":{"title":"Autonoleggio Creta Chania aeroporto \u2022 Caravel Noleggio Auto Creta","description":"Autonoleggio Creta Chania aeroporto con Caravel e non preoccuparti di come raggiungere il nostro ufficio. Un partner di Caravel pu\u00f2...","robots":{"index":"index","follow":"follow","max-snippet":"max-snippet:-1","max-image-preview":"max-image-preview:large","max-video-preview":"max-video-preview:-1"},"canonical":"https:\/\/caravel.gr\/chania-airport\/","og_locale":"it_IT","og_type":"article","og_title":"Aeroporto di Chania","og_description":"Autonoleggio Creta Chania aeroporto con Caravel e non preoccuparti di come raggiungere il nostro ufficio. Un partner di Caravel pu\u00f2...","og_url":"https:\/\/caravel.gr\/chania-airport\/","og_site_name":"Rent A Car Crete with Caravel","article_modified_time":"2022-06-09T10:07:24+00:00","og_image":[{"width":1080,"height":727,"url":"https:\/\/caravel.gr\/wp-content\/uploads\/2022\/05\/chaniaairpor.jpg","type":"image\/jpeg"}],"twitter_card":"summary_large_image","twitter_misc":{"Tempo di lettura stimato":"3 minuti"},"schema":{"@context":"https:\/\/schema.org","@graph":[{"@type":"WebPage","@id":"https:\/\/caravel.gr\/chania-airport\/","url":"https:\/\/caravel.gr\/chania-airport\/","name":"Autonoleggio Creta Chania aeroporto \u2022 Caravel Noleggio Auto Creta","isPartOf":{"@id":"https:\/\/caravel.gr\/#website"},"primaryImageOfPage":{"@id":"https:\/\/caravel.gr\/chania-airport\/#primaryimage"},"image":{"@id":"https:\/\/caravel.gr\/chania-airport\/#primaryimage"},"thumbnailUrl":"https:\/\/caravel.gr\/wp-content\/uploads\/2022\/05\/chaniaairpor.jpg","datePublished":"2022-02-11T12:46:30+00:00","dateModified":"2022-06-09T10:07:24+00:00","description":"Autonoleggio Creta Chania aeroporto con Caravel e non preoccuparti di come raggiungere il nostro ufficio. Un partner di Caravel pu\u00f2...","breadcrumb":{"@id":"https:\/\/caravel.gr\/chania-airport\/#breadcrumb"},"inLanguage":"it-IT","potentialAction":[{"@type":"ReadAction","target":["https:\/\/caravel.gr\/chania-airport\/"]}]},{"@type":"ImageObject","inLanguage":"it-IT","@id":"https:\/\/caravel.gr\/chania-airport\/#primaryimage","url":"https:\/\/caravel.gr\/wp-content\/uploads\/2022\/05\/chaniaairpor.jpg","contentUrl":"https:\/\/caravel.gr\/wp-content\/uploads\/2022\/05\/chaniaairpor.jpg","width":1080,"height":727,"caption":"Autonoleggio Creta Chania aeroporto \u2022 Caravel Noleggio Auto Creta"},{"@type":"BreadcrumbList","@id":"https:\/\/caravel.gr\/chania-airport\/#breadcrumb","itemListElement":[{"@type":"ListItem","position":1,"name":"Home","item":"https:\/\/caravel.gr\/"},{"@type":"ListItem","position":2,"name":"Aeroporto di Chania"}]},{"@type":"WebSite","@id":"https:\/\/caravel.gr\/#website","url":"https:\/\/caravel.gr\/","name":"Rent A Car Crete with Caravel","description":"Car Hire in Crete","publisher":{"@id":"https:\/\/caravel.gr\/#organization"},"potentialAction":[{"@type":"SearchAction","target":{"@type":"EntryPoint","urlTemplate":"https:\/\/caravel.gr\/?s={search_term_string}"},"query-input":{"@type":"PropertyValueSpecification","valueRequired":true,"valueName":"search_term_string"}}],"inLanguage":"it-IT"},{"@type":"Organization","@id":"https:\/\/caravel.gr\/#organization","name":"Rent A Car Crete with Caravel","url":"https:\/\/caravel.gr\/","logo":{"@type":"ImageObject","inLanguage":"it-IT","@id":"https:\/\/caravel.gr\/#\/schema\/logo\/image\/","url":"https:\/\/caravel.gr\/wp-content\/uploads\/2022\/01\/caravel-logo_0_0.jpg","contentUrl":"https:\/\/caravel.gr\/wp-content\/uploads\/2022\/01\/caravel-logo_0_0.jpg","width":210,"height":80,"caption":"Rent A Car Crete with Caravel"},"image":{"@id":"https:\/\/caravel.gr\/#\/schema\/logo\/image\/"}}]}},"_links":{"self":[{"href":"https:\/\/caravel.gr\/it\/wp-json\/wp\/v2\/pages\/3186","targetHints":{"allow":["GET"]}}],"collection":[{"href":"https:\/\/caravel.gr\/it\/wp-json\/wp\/v2\/pages"}],"about":[{"href":"https:\/\/caravel.gr\/it\/wp-json\/wp\/v2\/types\/page"}],"author":[{"embeddable":true,"href":"https:\/\/caravel.gr\/it\/wp-json\/wp\/v2\/users\/4"}],"replies":[{"embeddable":true,"href":"https:\/\/caravel.gr\/it\/wp-json\/wp\/v2\/comments?post=3186"}],"version-history":[{"count":15,"href":"https:\/\/caravel.gr\/it\/wp-json\/wp\/v2\/pages\/3186\/revisions"}],"predecessor-version":[{"id":4081,"href":"https:\/\/caravel.gr\/it\/wp-json\/wp\/v2\/pages\/3186\/revisions\/4081"}],"wp:featuredmedia":[{"embeddable":true,"href":"https:\/\/caravel.gr\/it\/wp-json\/wp\/v2\/media\/3839"}],"wp:attachment":[{"href":"https:\/\/caravel.gr\/it\/wp-json\/wp\/v2\/media?parent=3186"}],"curies":[{"name":"wp","href":"https:\/\/api.w.org\/{rel}","templated":true}]}}