{"id":3160,"date":"2022-02-11T14:31:29","date_gmt":"2022-02-11T12:31:29","guid":{"rendered":"https:\/\/caravel.gr\/aeroporto-di-heraklion\/"},"modified":"2022-05-03T15:23:27","modified_gmt":"2022-05-03T12:23:27","slug":"aeroporto-di-heraklion","status":"publish","type":"page","link":"https:\/\/caravel.gr\/it\/aeroporto-di-heraklion\/","title":{"rendered":"Aeroporto di Heraklion"},"content":{"rendered":"\t\t<div data-elementor-type=\"wp-page\" data-elementor-id=\"3160\" class=\"elementor elementor-3160 elementor-2784\" data-elementor-post-type=\"page\">\n\t\t\t\t\t\t<section class=\"elementor-section elementor-top-section elementor-element elementor-element-4a0e6ba elementor-section-content-middle elementor-section-stretched elementor-section-boxed elementor-section-height-default elementor-section-height-default\" data-id=\"4a0e6ba\" data-element_type=\"section\" data-e-type=\"section\" data-settings=\"{&quot;stretch_section&quot;:&quot;section-stretched&quot;}\">\n\t\t\t\t\t\t<div class=\"elementor-container elementor-column-gap-default\">\n\t\t\t\t\t<div class=\"elementor-column elementor-col-100 elementor-top-column elementor-element elementor-element-8a44527\" data-id=\"8a44527\" data-element_type=\"column\" data-e-type=\"column\">\n\t\t\t<div class=\"elementor-widget-wrap elementor-element-populated\">\n\t\t\t\t\t\t<div class=\"elementor-element elementor-element-4f1294b0 elementor-widget__width-initial elementor-absolute elementor-widget-mobile__width-initial elementor-widget elementor-widget-heading\" data-id=\"4f1294b0\" data-element_type=\"widget\" data-e-type=\"widget\" data-settings=\"{&quot;_position&quot;:&quot;absolute&quot;}\" data-widget_type=\"heading.default\">\n\t\t\t\t<div class=\"elementor-widget-container\">\n\t\t\t\t\t<h2 class=\"elementor-heading-title elementor-size-default\">AEROPORTO<\/h2>\t\t\t\t<\/div>\n\t\t\t\t<\/div>\n\t\t\t\t<div class=\"elementor-element elementor-element-1361ca69 premium-header-block premium-lq__none premium-box-lq__none elementor-widget elementor-widget-premium-addon-dual-header\" data-id=\"1361ca69\" data-element_type=\"widget\" data-e-type=\"widget\" data-settings=\"{&quot;_animation_tablet&quot;:&quot;none&quot;,&quot;_animation_mobile&quot;:&quot;none&quot;}\" data-widget_type=\"premium-addon-dual-header.default\">\n\t\t\t\t\t\n\t\t<div class=\"elementor-widget-container\">\n\t\t\t\t\t<h2 class=\"premium-dual-header-first-header \"><span class=\"premium-dual-header-first-span\">Autonoleggio Creta Heraklion Aeroporto <\/span><span class=\"premium-dual-header-second-header \">Noleggia un'auto all'aeroporto di Heraklion con Caravel Car Hire Creta<\/span><\/h2> \t\t\t\t<\/div>\n\n\t\t\t\t\t\t<\/div>\n\t\t\t\t<div class=\"elementor-element elementor-element-4935e4d6 elementor-widget-divider--view-line elementor-widget elementor-widget-divider\" data-id=\"4935e4d6\" data-element_type=\"widget\" data-e-type=\"widget\" data-settings=\"{&quot;_animation_tablet&quot;:&quot;none&quot;,&quot;_animation_mobile&quot;:&quot;none&quot;}\" data-widget_type=\"divider.default\">\n\t\t\t\t<div class=\"elementor-widget-container\">\n\t\t\t\t\t\t\t<div class=\"elementor-divider\">\n\t\t\t<span class=\"elementor-divider-separator\">\n\t\t\t\t\t\t<\/span>\n\t\t<\/div>\n\t\t\t\t\t\t<\/div>\n\t\t\t\t<\/div>\n\t\t\t\t<div class=\"elementor-element elementor-element-688302a elementor-widget elementor-widget-text-editor\" data-id=\"688302a\" data-element_type=\"widget\" data-e-type=\"widget\" data-settings=\"{&quot;_animation_tablet&quot;:&quot;none&quot;,&quot;_animation_mobile&quot;:&quot;none&quot;}\" data-widget_type=\"text-editor.default\">\n\t\t\t\t<div class=\"elementor-widget-container\">\n\t\t\t\t\t\t\t\t\t<h3><a href=\"https:\/\/www.google.com\/maps\/place\/Caravel\/@35.3368546,25.1711056,19z\/data=!4m12!1m6!3m5!1s0x149a5a2ec0358fe3:0x388d4cec1b8a0ce8!2sCaravel+Rent+a+Car+Heraklion!8m2!3d35.3400134!4d25.133901!3m4!1s0x0:0x3c0387e615fccbe7!8m2!3d35.3371368!4d25.1716247\"><strong>Aeroporto di Heraklion<\/strong><\/a><\/h3><p><strong>Indirizzo<\/strong> : Parcheggio municipale, Heraklion, Aeroporto, 71601<br \/><strong>Telefono<\/strong> : +30.2810.343732 <br \/><strong>Cellulare<\/strong> : +30.6937.200391<\/p>\t\t\t\t\t\t\t\t<\/div>\n\t\t\t\t<\/div>\n\t\t\t\t\t<\/div>\n\t\t<\/div>\n\t\t\t\t\t<\/div>\n\t\t<\/section>\n\t\t\t\t<section class=\"elementor-section elementor-top-section elementor-element elementor-element-19bca07 elementor-section-boxed elementor-section-height-default elementor-section-height-default\" data-id=\"19bca07\" data-element_type=\"section\" data-e-type=\"section\">\n\t\t\t\t\t\t<div class=\"elementor-container elementor-column-gap-default\">\n\t\t\t\t\t<div class=\"elementor-column elementor-col-100 elementor-top-column elementor-element elementor-element-8abb3cb\" data-id=\"8abb3cb\" data-element_type=\"column\" data-e-type=\"column\">\n\t\t\t<div class=\"elementor-widget-wrap elementor-element-populated\">\n\t\t\t\t\t\t<div class=\"elementor-element elementor-element-a797822 elementor-widget elementor-widget-text-editor\" data-id=\"a797822\" data-element_type=\"widget\" data-e-type=\"widget\" data-widget_type=\"text-editor.default\">\n\t\t\t\t<div class=\"elementor-widget-container\">\n\t\t\t\t\t\t\t\t\t<p style=\"text-align: center;\">Autonoleggio Creta Heraklion Aeroporto con Caravel!<\/p><p style=\"text-align: center;\">L&#8217;aeroporto internazionale di Heraklion Nikos Kazantzakis \u00e8 il principale aeroporto di Creta. Si trova a circa 4 km a est della citt\u00e0 di Heraklion, vicino al comune di Nea Alikarnassos. L&#8217;aeroporto prende il nome da Nikos Kazantzakis. Il famoso filosofo greco.<\/p><p style=\"text-align: center;\">L&#8217;aeroporto di Heraklion \u00e8 l&#8217;aeroporto principale e pi\u00f9 trafficato di Creta. Serve Heraklion, Agios Nikolaos, Malia, Hersonissos, Stalis e altre localit\u00e0. Quindi, quando visiterai Creta, probabilmente arriverai all&#8217;aeroporto di Heraklion. E capiamo che vuoi avere un modo facile e veloce per iniziare le tue vacanze a Creta. Quindi il nostro partner ti aspetter\u00e0 per consegnare la tua auto all&#8217;aeroporto di Heraklion senza costi aggiuntivi!<\/p><p style=\"text-align: center;\">Dai un&#8217;occhiata alla nostra flotta <a href=\"https:\/\/caravel.gr\/it\/our-fleet-italian\/\">qui<\/a>.<\/p>\t\t\t\t\t\t\t\t<\/div>\n\t\t\t\t<\/div>\n\t\t\t\t\t<\/div>\n\t\t<\/div>\n\t\t\t\t\t<\/div>\n\t\t<\/section>\n\t\t\t\t<section class=\"elementor-section elementor-top-section elementor-element elementor-element-c35d96c elementor-section-full_width elementor-section-height-min-height elementor-section-height-default elementor-section-items-middle\" data-id=\"c35d96c\" data-element_type=\"section\" data-e-type=\"section\">\n\t\t\t\t\t\t<div class=\"elementor-container elementor-column-gap-default\">\n\t\t\t\t\t<div class=\"elementor-column elementor-col-50 elementor-top-column elementor-element elementor-element-1319528\" data-id=\"1319528\" data-element_type=\"column\" data-e-type=\"column\">\n\t\t\t<div class=\"elementor-widget-wrap elementor-element-populated\">\n\t\t\t\t\t\t<div class=\"elementor-element elementor-element-8bfd64b elementor-widget elementor-widget-heading\" data-id=\"8bfd64b\" data-element_type=\"widget\" data-e-type=\"widget\" data-widget_type=\"heading.default\">\n\t\t\t\t<div class=\"elementor-widget-container\">\n\t\t\t\t\t<h2 class=\"elementor-heading-title elementor-size-default\">Ottieni indicazioni per il nostro ufficio\/parcheggio all'aeroporto di Heraklion<\/h2>\t\t\t\t<\/div>\n\t\t\t\t<\/div>\n\t\t\t\t<div class=\"elementor-element elementor-element-892be7c elementor-widget elementor-widget-google_maps\" data-id=\"892be7c\" data-element_type=\"widget\" data-e-type=\"widget\" data-widget_type=\"google_maps.default\">\n\t\t\t\t<div class=\"elementor-widget-container\">\n\t\t\t\t\t\t\t<div class=\"elementor-custom-embed\">\n\t\t\t<iframe loading=\"lazy\"\n\t\t\t\t\tsrc=\"https:\/\/maps.google.com\/maps?q=%CE%94%CE%B7%CE%BC%CE%BF%CF%84%CE%B9%CE%BA%CF%8C%CE%BD%20%CE%A0%CE%AC%CF%81%CE%BA%CE%B9%CE%BD%CE%B3%CE%BA%20-%20Municipal%20Car%20parking&#038;t=m&#038;z=13&#038;output=embed&#038;iwloc=near\"\n\t\t\t\t\ttitle=\"\u0394\u03b7\u03bc\u03bf\u03c4\u03b9\u03ba\u03cc\u03bd \u03a0\u03ac\u03c1\u03ba\u03b9\u03bd\u03b3\u03ba - Municipal Car parking\"\n\t\t\t\t\taria-label=\"\u0394\u03b7\u03bc\u03bf\u03c4\u03b9\u03ba\u03cc\u03bd \u03a0\u03ac\u03c1\u03ba\u03b9\u03bd\u03b3\u03ba - Municipal Car parking\"\n\t\t\t><\/iframe>\n\t\t<\/div>\n\t\t\t\t\t\t<\/div>\n\t\t\t\t<\/div>\n\t\t\t\t\t<\/div>\n\t\t<\/div>\n\t\t\t\t<div class=\"elementor-column elementor-col-50 elementor-top-column elementor-element elementor-element-d689654\" data-id=\"d689654\" data-element_type=\"column\" data-e-type=\"column\">\n\t\t\t<div class=\"elementor-widget-wrap elementor-element-populated\">\n\t\t\t\t\t\t<div class=\"elementor-element elementor-element-ed4fc8f elementor-widget elementor-widget-heading\" data-id=\"ed4fc8f\" data-element_type=\"widget\" data-e-type=\"widget\" data-widget_type=\"heading.default\">\n\t\t\t\t<div class=\"elementor-widget-container\">\n\t\t\t\t\t<h2 class=\"elementor-heading-title elementor-size-default\">Come trovare il nostro ufficio\/parcheggio all'aeroporto di Heraklion. Guarda un video:<\/h2>\t\t\t\t<\/div>\n\t\t\t\t<\/div>\n\t\t\t\t<div class=\"elementor-element elementor-element-863373c premium-video__glow-none elementor-widget elementor-widget-premium-addon-video-box\" data-id=\"863373c\" data-element_type=\"widget\" data-e-type=\"widget\" data-settings=\"{&quot;premium_video_box_video_type&quot;:&quot;youtube&quot;,&quot;aspect_ratio&quot;:&quot;169&quot;}\" data-widget_type=\"premium-addon-video-box.default\">\n\t\t\t\t<div class=\"elementor-widget-container\">\n\t\t\t\t\t\n\n\t\t\n\t\t\t\t\t<div id=\"premium-video-box-container-863373c\" class=\"premium-video-box-container\" data-overlay=\"true\" data-type=\"youtube\" data-thumbnail=\"\" data-hover=\"none\">\n\t\t\t\t<div  >\n\t\t\t\t\t\n\t\t\t\t\t<div class=\"premium-video-box-inner-wrap\" data-video-animation=\" animated-\" data-delay-animation=\"\">\n\t\t\t\t\t\t<div data-src=\"https:\/\/www.youtube.com\/embed\/-RJ9zivggIs?feature=oembed&amp;rel=0&amp;mute=0&amp;loop=0&amp;controls=1&amp;playsinline=0&amp;cc_load_policy=0\" class=\"premium-video-box-video-container\">\n\t\t\t\t\t\t\t\n\t\t\t\t\t\t\t\t\t\t\t\t\t<\/div>\n\t\t\t\t\t\t\t<div style=\"background-image:transparent\" class=\"premium-video-box-image-container none\"><\/div>\n\t\t\t\t\t\t\t\t\t\t\t\t\t\t\t\t\t\t\t\t\t\t\t\t\t\t\t\t\t\t\t<\/div>\n\n\t\t\t\t<\/div>\n\t\t\t<\/div>\n\t\t\n\t\t\t\t\t\t<\/div>\n\t\t\t\t<\/div>\n\t\t\t\t\t<\/div>\n\t\t<\/div>\n\t\t\t\t\t<\/div>\n\t\t<\/section>\n\t\t\t\t<section class=\"elementor-section elementor-top-section elementor-element elementor-element-4e68c44 elementor-section-boxed elementor-section-height-default elementor-section-height-default\" data-id=\"4e68c44\" data-element_type=\"section\" data-e-type=\"section\">\n\t\t\t\t\t\t<div class=\"elementor-container elementor-column-gap-default\">\n\t\t\t\t\t<div class=\"elementor-column elementor-col-100 elementor-top-column elementor-element elementor-element-b1f7168\" data-id=\"b1f7168\" data-element_type=\"column\" data-e-type=\"column\">\n\t\t\t<div class=\"elementor-widget-wrap elementor-element-populated\">\n\t\t\t\t\t\t<div class=\"elementor-element elementor-element-e678443 elementor-widget elementor-widget-accordion\" data-id=\"e678443\" data-element_type=\"widget\" data-e-type=\"widget\" data-widget_type=\"accordion.default\">\n\t\t\t\t<div class=\"elementor-widget-container\">\n\t\t\t\t\t\t\t<div class=\"elementor-accordion\">\n\t\t\t\t\t\t\t<div class=\"elementor-accordion-item\">\n\t\t\t\t\t<div id=\"elementor-tab-title-2411\" class=\"elementor-tab-title\" data-tab=\"1\" role=\"button\" aria-controls=\"elementor-tab-content-2411\" aria-expanded=\"false\">\n\t\t\t\t\t\t\t\t\t\t\t\t\t<span class=\"elementor-accordion-icon elementor-accordion-icon-left\" aria-hidden=\"true\">\n\t\t\t\t\t\t\t\t\t\t\t\t\t\t\t<span class=\"elementor-accordion-icon-closed\"><i class=\"fas fa-plus\"><\/i><\/span>\n\t\t\t\t\t\t\t\t<span class=\"elementor-accordion-icon-opened\"><i class=\"fas fa-minus\"><\/i><\/span>\n\t\t\t\t\t\t\t\t\t\t\t\t\t\t<\/span>\n\t\t\t\t\t\t\t\t\t\t\t\t<a class=\"elementor-accordion-title\" tabindex=\"0\">Usefull Information<\/a>\n\t\t\t\t\t<\/div>\n\t\t\t\t\t<div id=\"elementor-tab-content-2411\" class=\"elementor-tab-content elementor-clearfix\" data-tab=\"1\" role=\"region\" aria-labelledby=\"elementor-tab-title-2411\"><p>a. Airport Operation Section<br \/>Phone no:+30 2810-397132, +30 2810-397162<br \/>Fax: +30 2810-397501<br \/>E-mail:kahkar@hcaa.gr<br \/>Head of Section Ch. Psaradakis | Phone no.:+30 2810-397117 | E-mail:iraapn@otenet.gr<\/p><p>b. Air Traffic Services Section<br \/>Aerodrome Tower | Phone no.: +30 2810-397140 | Fax: + 30 2810-245586<br \/>Approach Control | Phone no: +30 2810-397174<br \/>Reporting office | Phone no : +30 2810-397143<br \/>Head ofsection Emm. Manolakis | Phone no : +302810-397119 | E-mail:lgiratc@hcaa.gr<\/p><p>c.\u03a4elecommunications Section<br \/>Phone no.:+30 2810-397131, +30 2810-397148, 397896 Fax: +30 2810-221700<br \/>E-mail: d5st@hcaa.gr,<br \/>Substitute Head of section Psilomanousaki Eleni | Phone no: 2810 \u2013 397118, 397131 | Fax:+30 2810-211700 |E-mail:d5st@hcaa.gr<\/p><p>d. Electronics Section<br \/>Phone no:+ 30 2810-397133<br \/>Head of section Emm. Meksis| Phone no : +30 2810 \u2013 397120 | E-mail:iraele@hcaa.gr<\/p><p>e.\u03a4echnical Section<br \/>Phone no: +30 2810 \u2013 397116<br \/>Head of section Iakodos Ouranos<br \/>E-mail:irats@hcaa.gr<\/p><p>f. Administration &amp; Finance Section<br \/>Phone no:+30 2810 \u2013 397194, + 30 2810 \u2013 397183<br \/>Secretary | Phone no.:+30 2810 397114 | E-mail:iraoik01@ypa.gr<br \/>Head of section Kokkinou Iwanna | Phone no: + 30 2810 \u2013 397115 | Fax: +30 2810 \u2013 397180 E-mail:iraoik02@ypa.gr<\/p><p>h. Airport Security Office<br \/>Phone no:+30 2810-397157 | Fax: + 30 2810 \u2013 397506<br \/>Head of Section I. Panoutsou | Phone no:+30 2810 \u2013 397121 | E-mail:iragas@hcaa.gr<\/p><\/div>\n\t\t\t\t<\/div>\n\t\t\t\t\t\t\t\t<\/div>\n\t\t\t\t\t\t<\/div>\n\t\t\t\t<\/div>\n\t\t\t\t\t<\/div>\n\t\t<\/div>\n\t\t\t\t\t<\/div>\n\t\t<\/section>\n\t\t\t\t<section class=\"elementor-section elementor-top-section elementor-element elementor-element-8b01560 elementor-section-height-min-height elementor-section-content-middle elementor-section-boxed elementor-section-height-default elementor-section-items-middle\" data-id=\"8b01560\" data-element_type=\"section\" data-e-type=\"section\" data-settings=\"{&quot;background_background&quot;:&quot;classic&quot;,&quot;background_motion_fx_motion_fx_scrolling&quot;:&quot;yes&quot;,&quot;background_motion_fx_translateY_effect&quot;:&quot;yes&quot;,&quot;background_motion_fx_translateY_speed&quot;:{&quot;unit&quot;:&quot;px&quot;,&quot;size&quot;:5,&quot;sizes&quot;:[]},&quot;background_motion_fx_scale_effect&quot;:&quot;yes&quot;,&quot;background_motion_fx_scale_direction&quot;:&quot;in-out&quot;,&quot;background_motion_fx_range&quot;:&quot;viewport&quot;,&quot;background_motion_fx_translateY_affectedRange&quot;:{&quot;unit&quot;:&quot;%&quot;,&quot;size&quot;:&quot;&quot;,&quot;sizes&quot;:{&quot;start&quot;:0,&quot;end&quot;:100}},&quot;background_motion_fx_scale_speed&quot;:{&quot;unit&quot;:&quot;px&quot;,&quot;size&quot;:4,&quot;sizes&quot;:[]},&quot;background_motion_fx_scale_range&quot;:{&quot;unit&quot;:&quot;%&quot;,&quot;size&quot;:&quot;&quot;,&quot;sizes&quot;:{&quot;start&quot;:20,&quot;end&quot;:80}},&quot;background_motion_fx_devices&quot;:[&quot;desktop&quot;,&quot;tablet&quot;,&quot;mobile&quot;]}\">\n\t\t\t\t\t\t<div class=\"elementor-container elementor-column-gap-default\">\n\t\t\t\t\t<div class=\"elementor-column elementor-col-100 elementor-top-column elementor-element elementor-element-97cb31b\" data-id=\"97cb31b\" data-element_type=\"column\" data-e-type=\"column\">\n\t\t\t<div class=\"elementor-widget-wrap elementor-element-populated\">\n\t\t\t\t\t\t\t<\/div>\n\t\t<\/div>\n\t\t\t\t\t<\/div>\n\t\t<\/section>\n\t\t\t\t<\/div>\n\t\t","protected":false},"excerpt":{"rendered":"<p>AEROPORTO Autonoleggio Creta Heraklion Aeroporto Noleggia un&#8217;auto all&#8217;aeroporto di Heraklion con Caravel Car Hire Creta Aeroporto di Heraklion Indirizzo : Parcheggio municipale, Heraklion, Aeroporto, 71601Telefono : +30.2810.343732 Cellulare : +30.6937.200391 Autonoleggio Creta Heraklion Aeroporto con Caravel! L&#8217;aeroporto internazionale di Heraklion Nikos Kazantzakis \u00e8 il principale aeroporto di Creta. Si trova a circa 4 km a [&hellip;]<\/p>\n","protected":false},"author":4,"featured_media":3876,"parent":0,"menu_order":0,"comment_status":"closed","ping_status":"closed","template":"","meta":{"footnotes":""},"class_list":["post-3160","page","type-page","status-publish","has-post-thumbnail","hentry"],"yoast_head":"<!-- This site is optimized with the Yoast SEO Premium plugin v22.7 (Yoast SEO v27.4) - https:\/\/yoast.com\/product\/yoast-seo-premium-wordpress\/ -->\n<title>Autonoleggio Creta Heraklion Aeroporto \u2022 Caravel Noleggio Auto Creta<\/title>\n<meta name=\"description\" content=\"Autonoleggio Creta Heraklion Aeroporto con Caravel!L&#039;aeroporto internazionale di Heraklion Nikos Kazantzakis \u00e8 il principale aeroporto\" \/>\n<meta name=\"robots\" content=\"index, follow, max-snippet:-1, max-image-preview:large, max-video-preview:-1\" \/>\n<link rel=\"canonical\" href=\"https:\/\/caravel.gr\/it\/aeroporto-di-heraklion\/\" \/>\n<meta property=\"og:locale\" content=\"it_IT\" \/>\n<meta property=\"og:type\" content=\"article\" \/>\n<meta property=\"og:title\" content=\"Aeroporto di Heraklion\" \/>\n<meta property=\"og:description\" content=\"Autonoleggio Creta Heraklion Aeroporto con Caravel!L&#039;aeroporto internazionale di Heraklion Nikos Kazantzakis \u00e8 il principale aeroporto\" \/>\n<meta property=\"og:url\" content=\"https:\/\/caravel.gr\/it\/aeroporto-di-heraklion\/\" \/>\n<meta property=\"og:site_name\" content=\"Rent A Car Crete with Caravel\" \/>\n<meta property=\"article:modified_time\" content=\"2022-05-03T12:23:27+00:00\" \/>\n<meta property=\"og:image\" content=\"https:\/\/caravel.gr\/wp-content\/uploads\/2022\/05\/Heraklion_International_airport.jpg\" \/>\n\t<meta property=\"og:image:width\" content=\"1080\" \/>\n\t<meta property=\"og:image:height\" content=\"753\" \/>\n\t<meta property=\"og:image:type\" content=\"image\/jpeg\" \/>\n<meta name=\"twitter:card\" content=\"summary_large_image\" \/>\n<meta name=\"twitter:label1\" content=\"Tempo di lettura stimato\" \/>\n\t<meta name=\"twitter:data1\" content=\"2 minuti\" \/>\n<script type=\"application\/ld+json\" class=\"yoast-schema-graph\">{\"@context\":\"https:\\\/\\\/schema.org\",\"@graph\":[{\"@type\":\"WebPage\",\"@id\":\"https:\\\/\\\/caravel.gr\\\/it\\\/aeroporto-di-heraklion\\\/\",\"url\":\"https:\\\/\\\/caravel.gr\\\/it\\\/aeroporto-di-heraklion\\\/\",\"name\":\"Autonoleggio Creta Heraklion Aeroporto \u2022 Caravel Noleggio Auto Creta\",\"isPartOf\":{\"@id\":\"https:\\\/\\\/caravel.gr\\\/#website\"},\"primaryImageOfPage\":{\"@id\":\"https:\\\/\\\/caravel.gr\\\/it\\\/aeroporto-di-heraklion\\\/#primaryimage\"},\"image\":{\"@id\":\"https:\\\/\\\/caravel.gr\\\/it\\\/aeroporto-di-heraklion\\\/#primaryimage\"},\"thumbnailUrl\":\"https:\\\/\\\/caravel.gr\\\/wp-content\\\/uploads\\\/2022\\\/05\\\/Heraklion_International_airport.jpg\",\"datePublished\":\"2022-02-11T12:31:29+00:00\",\"dateModified\":\"2022-05-03T12:23:27+00:00\",\"description\":\"Autonoleggio Creta Heraklion Aeroporto con Caravel!L'aeroporto internazionale di Heraklion Nikos Kazantzakis \u00e8 il principale aeroporto\",\"breadcrumb\":{\"@id\":\"https:\\\/\\\/caravel.gr\\\/it\\\/aeroporto-di-heraklion\\\/#breadcrumb\"},\"inLanguage\":\"it-IT\",\"potentialAction\":[{\"@type\":\"ReadAction\",\"target\":[\"https:\\\/\\\/caravel.gr\\\/it\\\/aeroporto-di-heraklion\\\/\"]}]},{\"@type\":\"ImageObject\",\"inLanguage\":\"it-IT\",\"@id\":\"https:\\\/\\\/caravel.gr\\\/it\\\/aeroporto-di-heraklion\\\/#primaryimage\",\"url\":\"https:\\\/\\\/caravel.gr\\\/wp-content\\\/uploads\\\/2022\\\/05\\\/Heraklion_International_airport.jpg\",\"contentUrl\":\"https:\\\/\\\/caravel.gr\\\/wp-content\\\/uploads\\\/2022\\\/05\\\/Heraklion_International_airport.jpg\",\"width\":1080,\"height\":753,\"caption\":\"Autonoleggio Creta Heraklion Aeroporto \u2022 Caravel Noleggio Auto Creta\"},{\"@type\":\"BreadcrumbList\",\"@id\":\"https:\\\/\\\/caravel.gr\\\/it\\\/aeroporto-di-heraklion\\\/#breadcrumb\",\"itemListElement\":[{\"@type\":\"ListItem\",\"position\":1,\"name\":\"Home\",\"item\":\"https:\\\/\\\/caravel.gr\\\/\"},{\"@type\":\"ListItem\",\"position\":2,\"name\":\"Aeroporto di Heraklion\"}]},{\"@type\":\"WebSite\",\"@id\":\"https:\\\/\\\/caravel.gr\\\/#website\",\"url\":\"https:\\\/\\\/caravel.gr\\\/\",\"name\":\"Rent A Car Crete with Caravel\",\"description\":\"Car Hire in Crete\",\"publisher\":{\"@id\":\"https:\\\/\\\/caravel.gr\\\/#organization\"},\"potentialAction\":[{\"@type\":\"SearchAction\",\"target\":{\"@type\":\"EntryPoint\",\"urlTemplate\":\"https:\\\/\\\/caravel.gr\\\/?s={search_term_string}\"},\"query-input\":{\"@type\":\"PropertyValueSpecification\",\"valueRequired\":true,\"valueName\":\"search_term_string\"}}],\"inLanguage\":\"it-IT\"},{\"@type\":\"Organization\",\"@id\":\"https:\\\/\\\/caravel.gr\\\/#organization\",\"name\":\"Rent A Car Crete with Caravel\",\"url\":\"https:\\\/\\\/caravel.gr\\\/\",\"logo\":{\"@type\":\"ImageObject\",\"inLanguage\":\"it-IT\",\"@id\":\"https:\\\/\\\/caravel.gr\\\/#\\\/schema\\\/logo\\\/image\\\/\",\"url\":\"https:\\\/\\\/caravel.gr\\\/wp-content\\\/uploads\\\/2022\\\/01\\\/caravel-logo_0_0.jpg\",\"contentUrl\":\"https:\\\/\\\/caravel.gr\\\/wp-content\\\/uploads\\\/2022\\\/01\\\/caravel-logo_0_0.jpg\",\"width\":210,\"height\":80,\"caption\":\"Rent A Car Crete with Caravel\"},\"image\":{\"@id\":\"https:\\\/\\\/caravel.gr\\\/#\\\/schema\\\/logo\\\/image\\\/\"}}]}<\/script>\n<!-- \/ Yoast SEO Premium plugin. -->","yoast_head_json":{"title":"Autonoleggio Creta Heraklion Aeroporto \u2022 Caravel Noleggio Auto Creta","description":"Autonoleggio Creta Heraklion Aeroporto con Caravel!L'aeroporto internazionale di Heraklion Nikos Kazantzakis \u00e8 il principale aeroporto","robots":{"index":"index","follow":"follow","max-snippet":"max-snippet:-1","max-image-preview":"max-image-preview:large","max-video-preview":"max-video-preview:-1"},"canonical":"https:\/\/caravel.gr\/it\/aeroporto-di-heraklion\/","og_locale":"it_IT","og_type":"article","og_title":"Aeroporto di Heraklion","og_description":"Autonoleggio Creta Heraklion Aeroporto con Caravel!L'aeroporto internazionale di Heraklion Nikos Kazantzakis \u00e8 il principale aeroporto","og_url":"https:\/\/caravel.gr\/it\/aeroporto-di-heraklion\/","og_site_name":"Rent A Car Crete with Caravel","article_modified_time":"2022-05-03T12:23:27+00:00","og_image":[{"width":1080,"height":753,"url":"https:\/\/caravel.gr\/wp-content\/uploads\/2022\/05\/Heraklion_International_airport.jpg","type":"image\/jpeg"}],"twitter_card":"summary_large_image","twitter_misc":{"Tempo di lettura stimato":"2 minuti"},"schema":{"@context":"https:\/\/schema.org","@graph":[{"@type":"WebPage","@id":"https:\/\/caravel.gr\/it\/aeroporto-di-heraklion\/","url":"https:\/\/caravel.gr\/it\/aeroporto-di-heraklion\/","name":"Autonoleggio Creta Heraklion Aeroporto \u2022 Caravel Noleggio Auto Creta","isPartOf":{"@id":"https:\/\/caravel.gr\/#website"},"primaryImageOfPage":{"@id":"https:\/\/caravel.gr\/it\/aeroporto-di-heraklion\/#primaryimage"},"image":{"@id":"https:\/\/caravel.gr\/it\/aeroporto-di-heraklion\/#primaryimage"},"thumbnailUrl":"https:\/\/caravel.gr\/wp-content\/uploads\/2022\/05\/Heraklion_International_airport.jpg","datePublished":"2022-02-11T12:31:29+00:00","dateModified":"2022-05-03T12:23:27+00:00","description":"Autonoleggio Creta Heraklion Aeroporto con Caravel!L'aeroporto internazionale di Heraklion Nikos Kazantzakis \u00e8 il principale aeroporto","breadcrumb":{"@id":"https:\/\/caravel.gr\/it\/aeroporto-di-heraklion\/#breadcrumb"},"inLanguage":"it-IT","potentialAction":[{"@type":"ReadAction","target":["https:\/\/caravel.gr\/it\/aeroporto-di-heraklion\/"]}]},{"@type":"ImageObject","inLanguage":"it-IT","@id":"https:\/\/caravel.gr\/it\/aeroporto-di-heraklion\/#primaryimage","url":"https:\/\/caravel.gr\/wp-content\/uploads\/2022\/05\/Heraklion_International_airport.jpg","contentUrl":"https:\/\/caravel.gr\/wp-content\/uploads\/2022\/05\/Heraklion_International_airport.jpg","width":1080,"height":753,"caption":"Autonoleggio Creta Heraklion Aeroporto \u2022 Caravel Noleggio Auto Creta"},{"@type":"BreadcrumbList","@id":"https:\/\/caravel.gr\/it\/aeroporto-di-heraklion\/#breadcrumb","itemListElement":[{"@type":"ListItem","position":1,"name":"Home","item":"https:\/\/caravel.gr\/"},{"@type":"ListItem","position":2,"name":"Aeroporto di Heraklion"}]},{"@type":"WebSite","@id":"https:\/\/caravel.gr\/#website","url":"https:\/\/caravel.gr\/","name":"Rent A Car Crete with Caravel","description":"Car Hire in Crete","publisher":{"@id":"https:\/\/caravel.gr\/#organization"},"potentialAction":[{"@type":"SearchAction","target":{"@type":"EntryPoint","urlTemplate":"https:\/\/caravel.gr\/?s={search_term_string}"},"query-input":{"@type":"PropertyValueSpecification","valueRequired":true,"valueName":"search_term_string"}}],"inLanguage":"it-IT"},{"@type":"Organization","@id":"https:\/\/caravel.gr\/#organization","name":"Rent A Car Crete with Caravel","url":"https:\/\/caravel.gr\/","logo":{"@type":"ImageObject","inLanguage":"it-IT","@id":"https:\/\/caravel.gr\/#\/schema\/logo\/image\/","url":"https:\/\/caravel.gr\/wp-content\/uploads\/2022\/01\/caravel-logo_0_0.jpg","contentUrl":"https:\/\/caravel.gr\/wp-content\/uploads\/2022\/01\/caravel-logo_0_0.jpg","width":210,"height":80,"caption":"Rent A Car Crete with Caravel"},"image":{"@id":"https:\/\/caravel.gr\/#\/schema\/logo\/image\/"}}]}},"_links":{"self":[{"href":"https:\/\/caravel.gr\/it\/wp-json\/wp\/v2\/pages\/3160","targetHints":{"allow":["GET"]}}],"collection":[{"href":"https:\/\/caravel.gr\/it\/wp-json\/wp\/v2\/pages"}],"about":[{"href":"https:\/\/caravel.gr\/it\/wp-json\/wp\/v2\/types\/page"}],"author":[{"embeddable":true,"href":"https:\/\/caravel.gr\/it\/wp-json\/wp\/v2\/users\/4"}],"replies":[{"embeddable":true,"href":"https:\/\/caravel.gr\/it\/wp-json\/wp\/v2\/comments?post=3160"}],"version-history":[{"count":15,"href":"https:\/\/caravel.gr\/it\/wp-json\/wp\/v2\/pages\/3160\/revisions"}],"predecessor-version":[{"id":3898,"href":"https:\/\/caravel.gr\/it\/wp-json\/wp\/v2\/pages\/3160\/revisions\/3898"}],"wp:featuredmedia":[{"embeddable":true,"href":"https:\/\/caravel.gr\/it\/wp-json\/wp\/v2\/media\/3876"}],"wp:attachment":[{"href":"https:\/\/caravel.gr\/it\/wp-json\/wp\/v2\/media?parent=3160"}],"curies":[{"name":"wp","href":"https:\/\/api.w.org\/{rel}","templated":true}]}}