{"id":5481,"date":"2026-03-05T16:19:26","date_gmt":"2026-03-05T14:19:26","guid":{"rendered":"https:\/\/caravel.gr\/merci\/"},"modified":"2026-03-05T17:26:33","modified_gmt":"2026-03-05T15:26:33","slug":"merci","status":"publish","type":"page","link":"https:\/\/caravel.gr\/fr\/merci\/","title":{"rendered":"MERCI"},"content":{"rendered":"\t\t<div data-elementor-type=\"wp-page\" data-elementor-id=\"5481\" class=\"elementor elementor-5481 elementor-5447\" data-elementor-post-type=\"page\">\n\t\t\t\t\t\t<section class=\"elementor-section elementor-top-section elementor-element elementor-element-98a01e0 elementor-section-boxed elementor-section-height-default elementor-section-height-default\" data-id=\"98a01e0\" data-element_type=\"section\" data-e-type=\"section\">\n\t\t\t\t\t\t<div class=\"elementor-container elementor-column-gap-default\">\n\t\t\t\t\t<div class=\"elementor-column elementor-col-100 elementor-top-column elementor-element elementor-element-f3a1a23\" data-id=\"f3a1a23\" data-element_type=\"column\" data-e-type=\"column\">\n\t\t\t<div class=\"elementor-widget-wrap elementor-element-populated\">\n\t\t\t\t\t\t<div class=\"elementor-element elementor-element-bb4f09a elementor-widget elementor-widget-heading\" data-id=\"bb4f09a\" data-element_type=\"widget\" data-e-type=\"widget\" data-widget_type=\"heading.default\">\n\t\t\t\t<div class=\"elementor-widget-container\">\n\t\t\t\t\t<h2 class=\"elementor-heading-title elementor-size-default\">Merci!<\/h2>\t\t\t\t<\/div>\n\t\t\t\t<\/div>\n\t\t\t\t<div class=\"elementor-element elementor-element-fcf5182 elementor-widget elementor-widget-text-editor\" data-id=\"fcf5182\" data-element_type=\"widget\" data-e-type=\"widget\" data-widget_type=\"text-editor.default\">\n\t\t\t\t<div class=\"elementor-widget-container\">\n\t\t\t\t\t\t\t\t\t<p>Votre r\u00e9servation a bien \u00e9t\u00e9 envoy\u00e9e !<br>Vous recevrez un courriel sous peu.<br>\u00c0 bient\u00f4t !<\/p>\t\t\t\t\t\t\t\t<\/div>\n\t\t\t\t<\/div>\n\t\t\t\t\t<\/div>\n\t\t<\/div>\n\t\t\t\t\t<\/div>\n\t\t<\/section>\n\t\t\t\t<\/div>\n\t\t","protected":false},"excerpt":{"rendered":"<p>Merci! Votre r\u00e9servation a bien \u00e9t\u00e9 envoy\u00e9e !Vous recevrez un courriel sous peu.\u00c0 bient\u00f4t !<\/p>\n","protected":false},"author":3,"featured_media":0,"parent":0,"menu_order":0,"comment_status":"closed","ping_status":"closed","template":"","meta":{"footnotes":""},"class_list":["post-5481","page","type-page","status-publish","hentry"],"yoast_head":"<!-- This site is optimized with the Yoast SEO Premium plugin v22.7 (Yoast SEO v27.5) - https:\/\/yoast.com\/product\/yoast-seo-premium-wordpress\/ -->\n<title>MERCI - Rent A Car Crete with Caravel<\/title>\n<meta name=\"robots\" content=\"index, follow, max-snippet:-1, max-image-preview:large, max-video-preview:-1\" \/>\n<link rel=\"canonical\" href=\"https:\/\/caravel.gr\/fr\/merci\/\" \/>\n<meta property=\"og:locale\" content=\"fr_FR\" \/>\n<meta property=\"og:type\" content=\"article\" \/>\n<meta property=\"og:title\" content=\"MERCI\" \/>\n<meta property=\"og:description\" content=\"Merci! Votre r\u00e9servation a bien \u00e9t\u00e9 envoy\u00e9e !Vous recevrez un courriel sous peu.\u00c0 bient\u00f4t !\" \/>\n<meta property=\"og:url\" content=\"https:\/\/caravel.gr\/fr\/merci\/\" \/>\n<meta property=\"og:site_name\" content=\"Rent A Car Crete with Caravel\" \/>\n<meta property=\"article:modified_time\" content=\"2026-03-05T15:26:33+00:00\" \/>\n<meta name=\"twitter:card\" content=\"summary_large_image\" \/>\n<script type=\"application\/ld+json\" class=\"yoast-schema-graph\">{\"@context\":\"https:\\\/\\\/schema.org\",\"@graph\":[{\"@type\":\"WebPage\",\"@id\":\"https:\\\/\\\/caravel.gr\\\/fr\\\/merci\\\/\",\"url\":\"https:\\\/\\\/caravel.gr\\\/fr\\\/merci\\\/\",\"name\":\"MERCI - Rent A Car Crete with Caravel\",\"isPartOf\":{\"@id\":\"https:\\\/\\\/caravel.gr\\\/#website\"},\"datePublished\":\"2026-03-05T14:19:26+00:00\",\"dateModified\":\"2026-03-05T15:26:33+00:00\",\"breadcrumb\":{\"@id\":\"https:\\\/\\\/caravel.gr\\\/fr\\\/merci\\\/#breadcrumb\"},\"inLanguage\":\"fr-FR\",\"potentialAction\":[{\"@type\":\"ReadAction\",\"target\":[\"https:\\\/\\\/caravel.gr\\\/fr\\\/merci\\\/\"]}]},{\"@type\":\"BreadcrumbList\",\"@id\":\"https:\\\/\\\/caravel.gr\\\/fr\\\/merci\\\/#breadcrumb\",\"itemListElement\":[{\"@type\":\"ListItem\",\"position\":1,\"name\":\"Home\",\"item\":\"https:\\\/\\\/caravel.gr\\\/\"},{\"@type\":\"ListItem\",\"position\":2,\"name\":\"MERCI\"}]},{\"@type\":\"WebSite\",\"@id\":\"https:\\\/\\\/caravel.gr\\\/#website\",\"url\":\"https:\\\/\\\/caravel.gr\\\/\",\"name\":\"Rent A Car Crete with Caravel\",\"description\":\"Car Hire in Crete\",\"publisher\":{\"@id\":\"https:\\\/\\\/caravel.gr\\\/#organization\"},\"potentialAction\":[{\"@type\":\"SearchAction\",\"target\":{\"@type\":\"EntryPoint\",\"urlTemplate\":\"https:\\\/\\\/caravel.gr\\\/?s={search_term_string}\"},\"query-input\":{\"@type\":\"PropertyValueSpecification\",\"valueRequired\":true,\"valueName\":\"search_term_string\"}}],\"inLanguage\":\"fr-FR\"},{\"@type\":\"Organization\",\"@id\":\"https:\\\/\\\/caravel.gr\\\/#organization\",\"name\":\"Rent A Car Crete with Caravel\",\"url\":\"https:\\\/\\\/caravel.gr\\\/\",\"logo\":{\"@type\":\"ImageObject\",\"inLanguage\":\"fr-FR\",\"@id\":\"https:\\\/\\\/caravel.gr\\\/#\\\/schema\\\/logo\\\/image\\\/\",\"url\":\"https:\\\/\\\/caravel.gr\\\/wp-content\\\/uploads\\\/2022\\\/01\\\/caravel-logo_0_0.jpg\",\"contentUrl\":\"https:\\\/\\\/caravel.gr\\\/wp-content\\\/uploads\\\/2022\\\/01\\\/caravel-logo_0_0.jpg\",\"width\":210,\"height\":80,\"caption\":\"Rent A Car Crete with Caravel\"},\"image\":{\"@id\":\"https:\\\/\\\/caravel.gr\\\/#\\\/schema\\\/logo\\\/image\\\/\"}}]}<\/script>\n<!-- \/ Yoast SEO Premium plugin. -->","yoast_head_json":{"title":"MERCI - Rent A Car Crete with Caravel","robots":{"index":"index","follow":"follow","max-snippet":"max-snippet:-1","max-image-preview":"max-image-preview:large","max-video-preview":"max-video-preview:-1"},"canonical":"https:\/\/caravel.gr\/fr\/merci\/","og_locale":"fr_FR","og_type":"article","og_title":"MERCI","og_description":"Merci! Votre r\u00e9servation a bien \u00e9t\u00e9 envoy\u00e9e !Vous recevrez un courriel sous peu.\u00c0 bient\u00f4t !","og_url":"https:\/\/caravel.gr\/fr\/merci\/","og_site_name":"Rent A Car Crete with Caravel","article_modified_time":"2026-03-05T15:26:33+00:00","twitter_card":"summary_large_image","schema":{"@context":"https:\/\/schema.org","@graph":[{"@type":"WebPage","@id":"https:\/\/caravel.gr\/fr\/merci\/","url":"https:\/\/caravel.gr\/fr\/merci\/","name":"MERCI - Rent A Car Crete with Caravel","isPartOf":{"@id":"https:\/\/caravel.gr\/#website"},"datePublished":"2026-03-05T14:19:26+00:00","dateModified":"2026-03-05T15:26:33+00:00","breadcrumb":{"@id":"https:\/\/caravel.gr\/fr\/merci\/#breadcrumb"},"inLanguage":"fr-FR","potentialAction":[{"@type":"ReadAction","target":["https:\/\/caravel.gr\/fr\/merci\/"]}]},{"@type":"BreadcrumbList","@id":"https:\/\/caravel.gr\/fr\/merci\/#breadcrumb","itemListElement":[{"@type":"ListItem","position":1,"name":"Home","item":"https:\/\/caravel.gr\/"},{"@type":"ListItem","position":2,"name":"MERCI"}]},{"@type":"WebSite","@id":"https:\/\/caravel.gr\/#website","url":"https:\/\/caravel.gr\/","name":"Rent A Car Crete with Caravel","description":"Car Hire in Crete","publisher":{"@id":"https:\/\/caravel.gr\/#organization"},"potentialAction":[{"@type":"SearchAction","target":{"@type":"EntryPoint","urlTemplate":"https:\/\/caravel.gr\/?s={search_term_string}"},"query-input":{"@type":"PropertyValueSpecification","valueRequired":true,"valueName":"search_term_string"}}],"inLanguage":"fr-FR"},{"@type":"Organization","@id":"https:\/\/caravel.gr\/#organization","name":"Rent A Car Crete with Caravel","url":"https:\/\/caravel.gr\/","logo":{"@type":"ImageObject","inLanguage":"fr-FR","@id":"https:\/\/caravel.gr\/#\/schema\/logo\/image\/","url":"https:\/\/caravel.gr\/wp-content\/uploads\/2022\/01\/caravel-logo_0_0.jpg","contentUrl":"https:\/\/caravel.gr\/wp-content\/uploads\/2022\/01\/caravel-logo_0_0.jpg","width":210,"height":80,"caption":"Rent A Car Crete with Caravel"},"image":{"@id":"https:\/\/caravel.gr\/#\/schema\/logo\/image\/"}}]}},"_links":{"self":[{"href":"https:\/\/caravel.gr\/fr\/wp-json\/wp\/v2\/pages\/5481","targetHints":{"allow":["GET"]}}],"collection":[{"href":"https:\/\/caravel.gr\/fr\/wp-json\/wp\/v2\/pages"}],"about":[{"href":"https:\/\/caravel.gr\/fr\/wp-json\/wp\/v2\/types\/page"}],"author":[{"embeddable":true,"href":"https:\/\/caravel.gr\/fr\/wp-json\/wp\/v2\/users\/3"}],"replies":[{"embeddable":true,"href":"https:\/\/caravel.gr\/fr\/wp-json\/wp\/v2\/comments?post=5481"}],"version-history":[{"count":1,"href":"https:\/\/caravel.gr\/fr\/wp-json\/wp\/v2\/pages\/5481\/revisions"}],"predecessor-version":[{"id":5482,"href":"https:\/\/caravel.gr\/fr\/wp-json\/wp\/v2\/pages\/5481\/revisions\/5482"}],"wp:attachment":[{"href":"https:\/\/caravel.gr\/fr\/wp-json\/wp\/v2\/media?parent=5481"}],"curies":[{"name":"wp","href":"https:\/\/api.w.org\/{rel}","templated":true}]}}