{"id":3192,"date":"2022-02-11T14:46:30","date_gmt":"2022-02-11T12:46:30","guid":{"rendered":"https:\/\/caravel.gr\/flughafen-chania\/"},"modified":"2023-03-17T19:38:14","modified_gmt":"2023-03-17T17:38:14","slug":"flughafen-chania","status":"publish","type":"page","link":"https:\/\/caravel.gr\/de\/flughafen-chania\/","title":{"rendered":"Flughafen Chania"},"content":{"rendered":"\t\t<div data-elementor-type=\"wp-page\" data-elementor-id=\"3192\" class=\"elementor elementor-3192 elementor-2811\" data-elementor-post-type=\"page\">\n\t\t\t\t\t\t<section class=\"elementor-section elementor-top-section elementor-element elementor-element-4a0e6ba elementor-section-content-middle elementor-section-stretched elementor-section-boxed elementor-section-height-default elementor-section-height-default\" data-id=\"4a0e6ba\" data-element_type=\"section\" data-e-type=\"section\" data-settings=\"{&quot;stretch_section&quot;:&quot;section-stretched&quot;}\">\n\t\t\t\t\t\t<div class=\"elementor-container elementor-column-gap-default\">\n\t\t\t\t\t<div class=\"elementor-column elementor-col-100 elementor-top-column elementor-element elementor-element-8a44527\" data-id=\"8a44527\" data-element_type=\"column\" data-e-type=\"column\">\n\t\t\t<div class=\"elementor-widget-wrap elementor-element-populated\">\n\t\t\t\t\t\t<div class=\"elementor-element elementor-element-4f1294b0 elementor-widget__width-initial elementor-absolute elementor-widget-mobile__width-initial elementor-widget elementor-widget-heading\" data-id=\"4f1294b0\" data-element_type=\"widget\" data-e-type=\"widget\" data-settings=\"{&quot;_position&quot;:&quot;absolute&quot;}\" data-widget_type=\"heading.default\">\n\t\t\t\t<div class=\"elementor-widget-container\">\n\t\t\t\t\t<h2 class=\"elementor-heading-title elementor-size-default\">FLUGHAFEN<\/h2>\t\t\t\t<\/div>\n\t\t\t\t<\/div>\n\t\t\t\t<div class=\"elementor-element elementor-element-4935e4d6 elementor-widget-divider--view-line elementor-widget elementor-widget-divider\" data-id=\"4935e4d6\" data-element_type=\"widget\" data-e-type=\"widget\" data-settings=\"{&quot;_animation_tablet&quot;:&quot;none&quot;,&quot;_animation_mobile&quot;:&quot;none&quot;}\" data-widget_type=\"divider.default\">\n\t\t\t\t<div class=\"elementor-widget-container\">\n\t\t\t\t\t\t\t<div class=\"elementor-divider\">\n\t\t\t<span class=\"elementor-divider-separator\">\n\t\t\t\t\t\t<\/span>\n\t\t<\/div>\n\t\t\t\t\t\t<\/div>\n\t\t\t\t<\/div>\n\t\t\t\t<div class=\"elementor-element elementor-element-1361ca69 premium-header-block premium-lq__none premium-box-lq__none elementor-widget elementor-widget-premium-addon-dual-header\" data-id=\"1361ca69\" data-element_type=\"widget\" data-e-type=\"widget\" data-settings=\"{&quot;_animation_tablet&quot;:&quot;none&quot;,&quot;_animation_mobile&quot;:&quot;none&quot;}\" data-widget_type=\"premium-addon-dual-header.default\">\n\t\t\t\t\t\n\t\t<div class=\"elementor-widget-container\">\n\t\t\t\t\t<h2 class=\"premium-dual-header-first-header \"><span class=\"premium-dual-header-first-span\">Mietwagen Chania Flughafen <\/span><span class=\"premium-dual-header-second-header \">Mietwagen Chania Flughafen \u2022 Caravel Autovermietung Kreta<\/span><\/h2> \t\t\t\t<\/div>\n\n\t\t\t\t\t\t<\/div>\n\t\t\t\t<div class=\"elementor-element elementor-element-688302a elementor-widget elementor-widget-text-editor\" data-id=\"688302a\" data-element_type=\"widget\" data-e-type=\"widget\" data-settings=\"{&quot;_animation_tablet&quot;:&quot;none&quot;,&quot;_animation_mobile&quot;:&quot;none&quot;}\" data-widget_type=\"text-editor.default\">\n\t\t\t\t<div class=\"elementor-widget-container\">\n\t\t\t\t\t\t\t\t\t<h3 class=\"rtecenter\"><strong>CHANIA Flughafen:<\/strong><\/h3><p class=\"rtecenter\"><a href=\"https:\/\/www.google.com\/maps\/place\/Caravel+Car+Hire\/@35.5412369,24.1373558,15z\/data=!4m2!3m1!1s0x0:0x7a4f20832f379d18?sa=X&amp;ved=2ahUKEwja0MiCrtf3AhUwSPEDHVDyBQcQ_BJ6BAhMEAU\" target=\"_blank\" rel=\"noopener\"><strong>Adresse<\/strong> : Bahnhof Akrotiri, Flughafen Chania, 73100<\/a><br \/><strong>Mobil<\/strong> : +30.6937.200391<\/p>\t\t\t\t\t\t\t\t<\/div>\n\t\t\t\t<\/div>\n\t\t\t\t\t<\/div>\n\t\t<\/div>\n\t\t\t\t\t<\/div>\n\t\t<\/section>\n\t\t\t\t<section class=\"elementor-section elementor-top-section elementor-element elementor-element-318bcb3 elementor-section-boxed elementor-section-height-default elementor-section-height-default\" data-id=\"318bcb3\" data-element_type=\"section\" data-e-type=\"section\">\n\t\t\t\t\t\t<div class=\"elementor-container elementor-column-gap-default\">\n\t\t\t\t\t<div class=\"elementor-column elementor-col-100 elementor-top-column elementor-element elementor-element-4275452\" data-id=\"4275452\" data-element_type=\"column\" data-e-type=\"column\">\n\t\t\t<div class=\"elementor-widget-wrap elementor-element-populated\">\n\t\t\t\t\t\t<div class=\"elementor-element elementor-element-7daa43a elementor-widget elementor-widget-text-editor\" data-id=\"7daa43a\" data-element_type=\"widget\" data-e-type=\"widget\" data-widget_type=\"text-editor.default\">\n\t\t\t\t<div class=\"elementor-widget-container\">\n\t\t\t\t\t\t\t\t\t<p style=\"text-align: center;\">Mietwagen Chania Flughafen bei Caravel und machen Sie sich keine Sorgen dar\u00fcber, wie Sie den Weg zu unserem B\u00fcro finden. Ein Partner von Caravel kann auf Sie warten. Ohne Extrakosten!<\/p>\n<p style=\"text-align: center;\">Der Flughafen Chania Daskalogiannis ist ein internationaler Flughafen. Es liegt in der N\u00e4he der Bucht von Souda auf der Halbinsel Akrotiri auf der Insel Kreta. Es bedient die 14 Kilometer entfernte Stadt Chania. Dar\u00fcber hinaus ist es f\u00fcr eine wachsende Zahl von Touristen ein Tor nach Westkreta.<\/p>\n<p style=\"text-align: center;\">Der Flughafen ist nach Daskalogiannis benannt. Ein kretischer Rebell gegen die osmanische Herrschaft im 18. Jahrhundert und ein gemeinsamer zivil-milit\u00e4rischer Flughafen. Es ist der sechstgr\u00f6\u00dfte Flughafen in Griechenland.<\/p>\n<p style=\"text-align: center;\">Bei Caravel Rent A Car verstehen wir, dass Sie einen einfachen und schnellen Weg haben m\u00f6chten, um Ihren Urlaub auf Kreta zu beginnen. Unser Partner wartet also darauf, dass Sie Ihr Auto ohne zus\u00e4tzliche Kosten am Flughafen Chania abliefern!<\/p>\n<p style=\"text-align: center;\">Unsere Flotte der neuesten Modelle bietet g\u00fcnstige Mietwagen und steht Ihnen sowohl gesch\u00e4ftlich als auch privat zur Verf\u00fcgung. Mit Caravel Car Rental Kreta haben Sie 40 Jahre Erfahrung an Ihrer Seite. Mieten Sie ein Auto bei Caravel und genie\u00dfen Sie Ihren Urlaub auf unserer wunderbaren Insel!<\/p>\n<p style=\"text-align: center;\"><a href=\"https:\/\/caravel.gr\/de\/our-fleet-german\/\">Hier<\/a> k\u00f6nnen Sie unseren Fuhrpark einsehen.<\/p>\t\t\t\t\t\t\t\t<\/div>\n\t\t\t\t<\/div>\n\t\t\t\t\t<\/div>\n\t\t<\/div>\n\t\t\t\t\t<\/div>\n\t\t<\/section>\n\t\t\t\t<section class=\"elementor-section elementor-top-section elementor-element elementor-element-c35d96c elementor-section-full_width elementor-section-height-min-height elementor-section-height-default elementor-section-items-middle\" data-id=\"c35d96c\" data-element_type=\"section\" data-e-type=\"section\">\n\t\t\t\t\t\t<div class=\"elementor-container elementor-column-gap-default\">\n\t\t\t\t\t<div class=\"elementor-column elementor-col-100 elementor-top-column elementor-element elementor-element-1319528\" data-id=\"1319528\" data-element_type=\"column\" data-e-type=\"column\">\n\t\t\t<div class=\"elementor-widget-wrap elementor-element-populated\">\n\t\t\t\t\t\t<div class=\"elementor-element elementor-element-8bfd64b elementor-widget elementor-widget-heading\" data-id=\"8bfd64b\" data-element_type=\"widget\" data-e-type=\"widget\" data-widget_type=\"heading.default\">\n\t\t\t\t<div class=\"elementor-widget-container\">\n\t\t\t\t\t<h2 class=\"elementor-heading-title elementor-size-default\">Erhalten Sie eine Wegbeschreibung zu unserem B\u00fcro \/ Parkplatz am Flughafen Chania<\/h2>\t\t\t\t<\/div>\n\t\t\t\t<\/div>\n\t\t\t\t<div class=\"elementor-element elementor-element-892be7c elementor-widget elementor-widget-google_maps\" data-id=\"892be7c\" data-element_type=\"widget\" data-e-type=\"widget\" data-widget_type=\"google_maps.default\">\n\t\t\t\t<div class=\"elementor-widget-container\">\n\t\t\t\t\t\t\t<div class=\"elementor-custom-embed\">\n\t\t\t<iframe loading=\"lazy\"\n\t\t\t\t\tsrc=\"https:\/\/maps.google.com\/maps?q=Caravel%20Car%20Hire%20Akrotiri%20Station&#038;t=m&#038;z=15&#038;output=embed&#038;iwloc=near\"\n\t\t\t\t\ttitle=\"Caravel Car Hire Akrotiri Station\"\n\t\t\t\t\taria-label=\"Caravel Car Hire Akrotiri Station\"\n\t\t\t><\/iframe>\n\t\t<\/div>\n\t\t\t\t\t\t<\/div>\n\t\t\t\t<\/div>\n\t\t\t\t\t<\/div>\n\t\t<\/div>\n\t\t\t\t\t<\/div>\n\t\t<\/section>\n\t\t\t\t<section class=\"elementor-section elementor-top-section elementor-element elementor-element-4529ae9 elementor-section-boxed elementor-section-height-default elementor-section-height-default\" data-id=\"4529ae9\" data-element_type=\"section\" data-e-type=\"section\">\n\t\t\t\t\t\t<div class=\"elementor-container elementor-column-gap-default\">\n\t\t\t\t\t<div class=\"elementor-column elementor-col-100 elementor-top-column elementor-element elementor-element-99fe828\" data-id=\"99fe828\" data-element_type=\"column\" data-e-type=\"column\">\n\t\t\t<div class=\"elementor-widget-wrap elementor-element-populated\">\n\t\t\t\t\t\t<div class=\"elementor-element elementor-element-b528c6d elementor-widget elementor-widget-video\" data-id=\"b528c6d\" data-element_type=\"widget\" data-e-type=\"widget\" data-settings=\"{&quot;youtube_url&quot;:&quot;https:\\\/\\\/www.youtube.com\\\/watch?v=nES9QVWeYwU&quot;,&quot;video_type&quot;:&quot;youtube&quot;,&quot;controls&quot;:&quot;yes&quot;}\" data-widget_type=\"video.default\">\n\t\t\t\t<div class=\"elementor-widget-container\">\n\t\t\t\t\t\t\t<div class=\"elementor-wrapper elementor-open-inline\">\n\t\t\t<div class=\"elementor-video\"><\/div>\t\t<\/div>\n\t\t\t\t\t\t<\/div>\n\t\t\t\t<\/div>\n\t\t\t\t\t<\/div>\n\t\t<\/div>\n\t\t\t\t\t<\/div>\n\t\t<\/section>\n\t\t\t\t<section class=\"elementor-section elementor-top-section elementor-element elementor-element-8b01560 elementor-section-height-min-height elementor-section-content-middle elementor-section-boxed elementor-section-height-default elementor-section-items-middle\" data-id=\"8b01560\" data-element_type=\"section\" data-e-type=\"section\" data-settings=\"{&quot;background_background&quot;:&quot;classic&quot;,&quot;background_motion_fx_motion_fx_scrolling&quot;:&quot;yes&quot;,&quot;background_motion_fx_translateY_effect&quot;:&quot;yes&quot;,&quot;background_motion_fx_translateY_speed&quot;:{&quot;unit&quot;:&quot;px&quot;,&quot;size&quot;:5,&quot;sizes&quot;:[]},&quot;background_motion_fx_scale_effect&quot;:&quot;yes&quot;,&quot;background_motion_fx_scale_direction&quot;:&quot;in-out&quot;,&quot;background_motion_fx_range&quot;:&quot;viewport&quot;,&quot;background_motion_fx_translateY_affectedRange&quot;:{&quot;unit&quot;:&quot;%&quot;,&quot;size&quot;:&quot;&quot;,&quot;sizes&quot;:{&quot;start&quot;:0,&quot;end&quot;:100}},&quot;background_motion_fx_scale_speed&quot;:{&quot;unit&quot;:&quot;px&quot;,&quot;size&quot;:4,&quot;sizes&quot;:[]},&quot;background_motion_fx_scale_range&quot;:{&quot;unit&quot;:&quot;%&quot;,&quot;size&quot;:&quot;&quot;,&quot;sizes&quot;:{&quot;start&quot;:20,&quot;end&quot;:80}},&quot;background_motion_fx_devices&quot;:[&quot;desktop&quot;,&quot;tablet&quot;,&quot;mobile&quot;]}\">\n\t\t\t\t\t\t<div class=\"elementor-container elementor-column-gap-default\">\n\t\t\t\t\t<div class=\"elementor-column elementor-col-100 elementor-top-column elementor-element elementor-element-97cb31b\" data-id=\"97cb31b\" data-element_type=\"column\" data-e-type=\"column\">\n\t\t\t<div class=\"elementor-widget-wrap elementor-element-populated\">\n\t\t\t\t\t\t\t<\/div>\n\t\t<\/div>\n\t\t\t\t\t<\/div>\n\t\t<\/section>\n\t\t\t\t<section class=\"elementor-section elementor-top-section elementor-element elementor-element-415332e elementor-section-boxed elementor-section-height-default elementor-section-height-default\" data-id=\"415332e\" data-element_type=\"section\" data-e-type=\"section\">\n\t\t\t\t\t\t<div class=\"elementor-container elementor-column-gap-default\">\n\t\t\t\t\t<div class=\"elementor-column elementor-col-100 elementor-top-column elementor-element elementor-element-662bb57\" data-id=\"662bb57\" data-element_type=\"column\" data-e-type=\"column\">\n\t\t\t<div class=\"elementor-widget-wrap elementor-element-populated\">\n\t\t\t\t\t\t<div class=\"elementor-element elementor-element-24ff620 elementor-widget elementor-widget-accordion\" data-id=\"24ff620\" data-element_type=\"widget\" data-e-type=\"widget\" data-widget_type=\"accordion.default\">\n\t\t\t\t<div class=\"elementor-widget-container\">\n\t\t\t\t\t\t\t<div class=\"elementor-accordion\">\n\t\t\t\t\t\t\t<div class=\"elementor-accordion-item\">\n\t\t\t\t\t<div id=\"elementor-tab-title-3871\" class=\"elementor-tab-title\" data-tab=\"1\" role=\"button\" aria-controls=\"elementor-tab-content-3871\" aria-expanded=\"false\">\n\t\t\t\t\t\t\t\t\t\t\t\t\t<span class=\"elementor-accordion-icon elementor-accordion-icon-left\" aria-hidden=\"true\">\n\t\t\t\t\t\t\t\t\t\t\t\t\t\t\t<span class=\"elementor-accordion-icon-closed\"><i class=\"fas fa-plus\"><\/i><\/span>\n\t\t\t\t\t\t\t\t<span class=\"elementor-accordion-icon-opened\"><i class=\"fas fa-minus\"><\/i><\/span>\n\t\t\t\t\t\t\t\t\t\t\t\t\t\t<\/span>\n\t\t\t\t\t\t\t\t\t\t\t\t<a class=\"elementor-accordion-title\" tabindex=\"0\">N\u00fctzliche Info<\/a>\n\t\t\t\t\t<\/div>\n\t\t\t\t\t<div id=\"elementor-tab-content-3871\" class=\"elementor-tab-content elementor-clearfix\" data-tab=\"1\" role=\"region\" aria-labelledby=\"elementor-tab-title-3871\"><p>Telefonzentrale:+30 28210-83800<br \/>Fax:+30 28210-66100<br \/>AFTN:LGSAYDYC<br \/>E-Mail:kaxnd@hcaa.gr<\/p><p>FLUGHAFENVERWALTUNG<br \/>1. VERWALTUNG<br \/>Zivilflughafenmanager<br \/>M. LAMPATHAKI<br \/>Telefonnummer: +30 28210-83801<br \/>Fax: +30 28210-66100<br \/>E-Mail:kaxnd@hcaa.gr<\/p><p>2. ABTEILUNGEN\u2013B\u00dcROS<br \/>a.Abteilung f\u00fcr technischen Support<br \/>Telefonnummer: +30 28210-83814<br \/>Fax: +30 28210-66100<br \/>E-Mail:kaxndyp@hcaa.gr<\/p><p>b. Abteilung Elektronik<br \/>Telefonnummer: +30 28210-83806, +30 28210-83819<br \/>Fax:+30 28210-83835<br \/>E-Mail:d19id@hcaa.gr<\/p><p>c. Abteilung Telekommunikation<br \/>Telefonnummer: +30 28210-83805, + 30 28210-66357<br \/>Fax:+30 28210-66100<br \/>E-Mail:d5iz@hcaa.gr<br \/>AFTN: LGSAYTYX<\/p><p>d. Abteilung Flughafenbetrieb<br \/>Telefonnummer: +30 28210-83803, + 30 28210-83832<br \/>Fax: + 30 28210-65653<br \/>\u0395-mail:kaxndar@hcaa.gr<\/p><p>e. Sicherheitsb\u00fcro des Flughafens<br \/>Telefonnummer: +30 28210-83832<br \/>Fax:+30 28210-65653<br \/>E-Mail:kaxndgas@hcaa.gr<\/p><\/div>\n\t\t\t\t<\/div>\n\t\t\t\t\t\t\t\t<\/div>\n\t\t\t\t\t\t<\/div>\n\t\t\t\t<\/div>\n\t\t\t\t\t<\/div>\n\t\t<\/div>\n\t\t\t\t\t<\/div>\n\t\t<\/section>\n\t\t\t\t<\/div>\n\t\t","protected":false},"excerpt":{"rendered":"<p>FLUGHAFEN Mietwagen Chania Flughafen Mietwagen Chania Flughafen \u2022 Caravel Autovermietung Kreta CHANIA Flughafen: Adresse : Bahnhof Akrotiri, Flughafen Chania, 73100Mobil : +30.6937.200391 Mietwagen Chania Flughafen bei Caravel und machen Sie sich keine Sorgen dar\u00fcber, wie Sie den Weg zu unserem B\u00fcro finden. Ein Partner von Caravel kann auf Sie warten. Ohne Extrakosten! Der Flughafen Chania [&hellip;]<\/p>\n","protected":false},"author":4,"featured_media":3974,"parent":0,"menu_order":0,"comment_status":"closed","ping_status":"closed","template":"","meta":{"footnotes":""},"class_list":["post-3192","page","type-page","status-publish","has-post-thumbnail","hentry"],"yoast_head":"<!-- This site is optimized with the Yoast SEO Premium plugin v22.7 (Yoast SEO v27.4) - https:\/\/yoast.com\/product\/yoast-seo-premium-wordpress\/ -->\n<title>Mietwagen Chania Flughafen \u2022 Caravel Autovermietung Kreta<\/title>\n<meta name=\"description\" content=\"Mietwagen Chania Flughafen bei Caravel und machen Sie sich keine Sorgen dar\u00fcber, wie Sie den Weg zu unserem B\u00fcro finden. Ein Partner von...\" \/>\n<meta name=\"robots\" content=\"index, follow, max-snippet:-1, max-image-preview:large, max-video-preview:-1\" \/>\n<link rel=\"canonical\" href=\"https:\/\/caravel.gr\/de\/flughafen-chania\/\" \/>\n<meta property=\"og:locale\" content=\"de_DE\" \/>\n<meta property=\"og:type\" content=\"article\" \/>\n<meta property=\"og:title\" content=\"Flughafen Chania\" \/>\n<meta property=\"og:description\" content=\"Mietwagen Chania Flughafen bei Caravel und machen Sie sich keine Sorgen dar\u00fcber, wie Sie den Weg zu unserem B\u00fcro finden. Ein Partner von...\" \/>\n<meta property=\"og:url\" content=\"https:\/\/caravel.gr\/de\/flughafen-chania\/\" \/>\n<meta property=\"og:site_name\" content=\"Rent A Car Crete with Caravel\" \/>\n<meta property=\"article:modified_time\" content=\"2023-03-17T17:38:14+00:00\" \/>\n<meta property=\"og:image\" content=\"https:\/\/caravel.gr\/wp-content\/uploads\/2022\/05\/chaniaairpor-2.jpg\" \/>\n\t<meta property=\"og:image:width\" content=\"1080\" \/>\n\t<meta property=\"og:image:height\" content=\"727\" \/>\n\t<meta property=\"og:image:type\" content=\"image\/jpeg\" \/>\n<meta name=\"twitter:card\" content=\"summary_large_image\" \/>\n<meta name=\"twitter:label1\" content=\"Gesch\u00e4tzte Lesezeit\" \/>\n\t<meta name=\"twitter:data1\" content=\"2\u00a0Minuten\" \/>\n<script type=\"application\/ld+json\" class=\"yoast-schema-graph\">{\"@context\":\"https:\\\/\\\/schema.org\",\"@graph\":[{\"@type\":\"WebPage\",\"@id\":\"https:\\\/\\\/caravel.gr\\\/de\\\/flughafen-chania\\\/\",\"url\":\"https:\\\/\\\/caravel.gr\\\/de\\\/flughafen-chania\\\/\",\"name\":\"Mietwagen Chania Flughafen \u2022 Caravel Autovermietung Kreta\",\"isPartOf\":{\"@id\":\"https:\\\/\\\/caravel.gr\\\/#website\"},\"primaryImageOfPage\":{\"@id\":\"https:\\\/\\\/caravel.gr\\\/de\\\/flughafen-chania\\\/#primaryimage\"},\"image\":{\"@id\":\"https:\\\/\\\/caravel.gr\\\/de\\\/flughafen-chania\\\/#primaryimage\"},\"thumbnailUrl\":\"https:\\\/\\\/caravel.gr\\\/wp-content\\\/uploads\\\/2022\\\/05\\\/chaniaairpor-2.jpg\",\"datePublished\":\"2022-02-11T12:46:30+00:00\",\"dateModified\":\"2023-03-17T17:38:14+00:00\",\"description\":\"Mietwagen Chania Flughafen bei Caravel und machen Sie sich keine Sorgen dar\u00fcber, wie Sie den Weg zu unserem B\u00fcro finden. Ein Partner von...\",\"breadcrumb\":{\"@id\":\"https:\\\/\\\/caravel.gr\\\/de\\\/flughafen-chania\\\/#breadcrumb\"},\"inLanguage\":\"de\",\"potentialAction\":[{\"@type\":\"ReadAction\",\"target\":[\"https:\\\/\\\/caravel.gr\\\/de\\\/flughafen-chania\\\/\"]}]},{\"@type\":\"ImageObject\",\"inLanguage\":\"de\",\"@id\":\"https:\\\/\\\/caravel.gr\\\/de\\\/flughafen-chania\\\/#primaryimage\",\"url\":\"https:\\\/\\\/caravel.gr\\\/wp-content\\\/uploads\\\/2022\\\/05\\\/chaniaairpor-2.jpg\",\"contentUrl\":\"https:\\\/\\\/caravel.gr\\\/wp-content\\\/uploads\\\/2022\\\/05\\\/chaniaairpor-2.jpg\",\"width\":1080,\"height\":727,\"caption\":\"Mietwagen Chania Flughafen \u2022 Caravel Autovermietung Kreta\"},{\"@type\":\"BreadcrumbList\",\"@id\":\"https:\\\/\\\/caravel.gr\\\/de\\\/flughafen-chania\\\/#breadcrumb\",\"itemListElement\":[{\"@type\":\"ListItem\",\"position\":1,\"name\":\"Home\",\"item\":\"https:\\\/\\\/caravel.gr\\\/\"},{\"@type\":\"ListItem\",\"position\":2,\"name\":\"Flughafen Chania\"}]},{\"@type\":\"WebSite\",\"@id\":\"https:\\\/\\\/caravel.gr\\\/#website\",\"url\":\"https:\\\/\\\/caravel.gr\\\/\",\"name\":\"Rent A Car Crete with Caravel\",\"description\":\"Car Hire in Crete\",\"publisher\":{\"@id\":\"https:\\\/\\\/caravel.gr\\\/#organization\"},\"potentialAction\":[{\"@type\":\"SearchAction\",\"target\":{\"@type\":\"EntryPoint\",\"urlTemplate\":\"https:\\\/\\\/caravel.gr\\\/?s={search_term_string}\"},\"query-input\":{\"@type\":\"PropertyValueSpecification\",\"valueRequired\":true,\"valueName\":\"search_term_string\"}}],\"inLanguage\":\"de\"},{\"@type\":\"Organization\",\"@id\":\"https:\\\/\\\/caravel.gr\\\/#organization\",\"name\":\"Rent A Car Crete with Caravel\",\"url\":\"https:\\\/\\\/caravel.gr\\\/\",\"logo\":{\"@type\":\"ImageObject\",\"inLanguage\":\"de\",\"@id\":\"https:\\\/\\\/caravel.gr\\\/#\\\/schema\\\/logo\\\/image\\\/\",\"url\":\"https:\\\/\\\/caravel.gr\\\/wp-content\\\/uploads\\\/2022\\\/01\\\/caravel-logo_0_0.jpg\",\"contentUrl\":\"https:\\\/\\\/caravel.gr\\\/wp-content\\\/uploads\\\/2022\\\/01\\\/caravel-logo_0_0.jpg\",\"width\":210,\"height\":80,\"caption\":\"Rent A Car Crete with Caravel\"},\"image\":{\"@id\":\"https:\\\/\\\/caravel.gr\\\/#\\\/schema\\\/logo\\\/image\\\/\"}}]}<\/script>\n<!-- \/ Yoast SEO Premium plugin. -->","yoast_head_json":{"title":"Mietwagen Chania Flughafen \u2022 Caravel Autovermietung Kreta","description":"Mietwagen Chania Flughafen bei Caravel und machen Sie sich keine Sorgen dar\u00fcber, wie Sie den Weg zu unserem B\u00fcro finden. Ein Partner von...","robots":{"index":"index","follow":"follow","max-snippet":"max-snippet:-1","max-image-preview":"max-image-preview:large","max-video-preview":"max-video-preview:-1"},"canonical":"https:\/\/caravel.gr\/de\/flughafen-chania\/","og_locale":"de_DE","og_type":"article","og_title":"Flughafen Chania","og_description":"Mietwagen Chania Flughafen bei Caravel und machen Sie sich keine Sorgen dar\u00fcber, wie Sie den Weg zu unserem B\u00fcro finden. Ein Partner von...","og_url":"https:\/\/caravel.gr\/de\/flughafen-chania\/","og_site_name":"Rent A Car Crete with Caravel","article_modified_time":"2023-03-17T17:38:14+00:00","og_image":[{"width":1080,"height":727,"url":"https:\/\/caravel.gr\/wp-content\/uploads\/2022\/05\/chaniaairpor-2.jpg","type":"image\/jpeg"}],"twitter_card":"summary_large_image","twitter_misc":{"Gesch\u00e4tzte Lesezeit":"2\u00a0Minuten"},"schema":{"@context":"https:\/\/schema.org","@graph":[{"@type":"WebPage","@id":"https:\/\/caravel.gr\/de\/flughafen-chania\/","url":"https:\/\/caravel.gr\/de\/flughafen-chania\/","name":"Mietwagen Chania Flughafen \u2022 Caravel Autovermietung Kreta","isPartOf":{"@id":"https:\/\/caravel.gr\/#website"},"primaryImageOfPage":{"@id":"https:\/\/caravel.gr\/de\/flughafen-chania\/#primaryimage"},"image":{"@id":"https:\/\/caravel.gr\/de\/flughafen-chania\/#primaryimage"},"thumbnailUrl":"https:\/\/caravel.gr\/wp-content\/uploads\/2022\/05\/chaniaairpor-2.jpg","datePublished":"2022-02-11T12:46:30+00:00","dateModified":"2023-03-17T17:38:14+00:00","description":"Mietwagen Chania Flughafen bei Caravel und machen Sie sich keine Sorgen dar\u00fcber, wie Sie den Weg zu unserem B\u00fcro finden. Ein Partner von...","breadcrumb":{"@id":"https:\/\/caravel.gr\/de\/flughafen-chania\/#breadcrumb"},"inLanguage":"de","potentialAction":[{"@type":"ReadAction","target":["https:\/\/caravel.gr\/de\/flughafen-chania\/"]}]},{"@type":"ImageObject","inLanguage":"de","@id":"https:\/\/caravel.gr\/de\/flughafen-chania\/#primaryimage","url":"https:\/\/caravel.gr\/wp-content\/uploads\/2022\/05\/chaniaairpor-2.jpg","contentUrl":"https:\/\/caravel.gr\/wp-content\/uploads\/2022\/05\/chaniaairpor-2.jpg","width":1080,"height":727,"caption":"Mietwagen Chania Flughafen \u2022 Caravel Autovermietung Kreta"},{"@type":"BreadcrumbList","@id":"https:\/\/caravel.gr\/de\/flughafen-chania\/#breadcrumb","itemListElement":[{"@type":"ListItem","position":1,"name":"Home","item":"https:\/\/caravel.gr\/"},{"@type":"ListItem","position":2,"name":"Flughafen Chania"}]},{"@type":"WebSite","@id":"https:\/\/caravel.gr\/#website","url":"https:\/\/caravel.gr\/","name":"Rent A Car Crete with Caravel","description":"Car Hire in Crete","publisher":{"@id":"https:\/\/caravel.gr\/#organization"},"potentialAction":[{"@type":"SearchAction","target":{"@type":"EntryPoint","urlTemplate":"https:\/\/caravel.gr\/?s={search_term_string}"},"query-input":{"@type":"PropertyValueSpecification","valueRequired":true,"valueName":"search_term_string"}}],"inLanguage":"de"},{"@type":"Organization","@id":"https:\/\/caravel.gr\/#organization","name":"Rent A Car Crete with Caravel","url":"https:\/\/caravel.gr\/","logo":{"@type":"ImageObject","inLanguage":"de","@id":"https:\/\/caravel.gr\/#\/schema\/logo\/image\/","url":"https:\/\/caravel.gr\/wp-content\/uploads\/2022\/01\/caravel-logo_0_0.jpg","contentUrl":"https:\/\/caravel.gr\/wp-content\/uploads\/2022\/01\/caravel-logo_0_0.jpg","width":210,"height":80,"caption":"Rent A Car Crete with Caravel"},"image":{"@id":"https:\/\/caravel.gr\/#\/schema\/logo\/image\/"}}]}},"_links":{"self":[{"href":"https:\/\/caravel.gr\/de\/wp-json\/wp\/v2\/pages\/3192","targetHints":{"allow":["GET"]}}],"collection":[{"href":"https:\/\/caravel.gr\/de\/wp-json\/wp\/v2\/pages"}],"about":[{"href":"https:\/\/caravel.gr\/de\/wp-json\/wp\/v2\/types\/page"}],"author":[{"embeddable":true,"href":"https:\/\/caravel.gr\/de\/wp-json\/wp\/v2\/users\/4"}],"replies":[{"embeddable":true,"href":"https:\/\/caravel.gr\/de\/wp-json\/wp\/v2\/comments?post=3192"}],"version-history":[{"count":30,"href":"https:\/\/caravel.gr\/de\/wp-json\/wp\/v2\/pages\/3192\/revisions"}],"predecessor-version":[{"id":4293,"href":"https:\/\/caravel.gr\/de\/wp-json\/wp\/v2\/pages\/3192\/revisions\/4293"}],"wp:featuredmedia":[{"embeddable":true,"href":"https:\/\/caravel.gr\/de\/wp-json\/wp\/v2\/media\/3974"}],"wp:attachment":[{"href":"https:\/\/caravel.gr\/de\/wp-json\/wp\/v2\/media?parent=3192"}],"curies":[{"name":"wp","href":"https:\/\/api.w.org\/{rel}","templated":true}]}}