{"id":3115,"date":"2022-02-11T14:13:14","date_gmt":"2022-02-11T12:13:14","guid":{"rendered":"https:\/\/caravel.gr\/bedingungen\/"},"modified":"2025-07-20T10:16:17","modified_gmt":"2025-07-20T07:16:17","slug":"bedingungen","status":"publish","type":"page","link":"https:\/\/caravel.gr\/de\/bedingungen\/","title":{"rendered":"Bedingungen"},"content":{"rendered":"\t\t<div data-elementor-type=\"wp-page\" data-elementor-id=\"3115\" class=\"elementor elementor-3115 elementor-2773\" data-elementor-post-type=\"page\">\n\t\t\t\t\t\t<section class=\"elementor-section elementor-top-section elementor-element elementor-element-1bebc5f9 elementor-section-full_width elementor-section-content-middle elementor-section-height-default elementor-section-height-default\" data-id=\"1bebc5f9\" data-element_type=\"section\" data-e-type=\"section\">\n\t\t\t\t\t\t<div class=\"elementor-container elementor-column-gap-no\">\n\t\t\t\t\t<div class=\"elementor-column elementor-col-100 elementor-top-column elementor-element elementor-element-4b47578b\" data-id=\"4b47578b\" data-element_type=\"column\" data-e-type=\"column\">\n\t\t\t<div class=\"elementor-widget-wrap elementor-element-populated\">\n\t\t\t\t\t\t<section class=\"elementor-section elementor-inner-section elementor-element elementor-element-7db09de1 elementor-section-content-top elementor-section-boxed elementor-section-height-default elementor-section-height-default\" data-id=\"7db09de1\" data-element_type=\"section\" data-e-type=\"section\">\n\t\t\t\t\t\t<div class=\"elementor-container elementor-column-gap-default\">\n\t\t\t\t\t<div class=\"elementor-column elementor-col-100 elementor-inner-column elementor-element elementor-element-7a697260\" data-id=\"7a697260\" data-element_type=\"column\" data-e-type=\"column\">\n\t\t\t<div class=\"elementor-widget-wrap elementor-element-populated\">\n\t\t\t\t\t\t<div class=\"elementor-element elementor-element-342e4720 premium-header-block premium-lq__none premium-box-lq__none elementor-widget elementor-widget-premium-addon-dual-header\" data-id=\"342e4720\" data-element_type=\"widget\" data-e-type=\"widget\" data-widget_type=\"premium-addon-dual-header.default\">\n\t\t\t\t\t\n\t\t<div class=\"elementor-widget-container\">\n\t\t\t\t\t<h2 class=\"premium-dual-header-first-header  gradient\"><span class=\"premium-dual-header-first-span\">Allgemeine Bedingungen <\/span><\/h2> \t\t\t\t<\/div>\n\n\t\t\t\t\t\t<\/div>\n\t\t\t\t<div class=\"elementor-element elementor-element-40cd2e67 elementor-widget elementor-widget-text-editor\" data-id=\"40cd2e67\" data-element_type=\"widget\" data-e-type=\"widget\" data-widget_type=\"text-editor.default\">\n\t\t\t\t<div class=\"elementor-widget-container\">\n\t\t\t\t\t\t\t\t\t<ul><li>Alter von Mieter und Fahrer: Muss mindestens 21 Jahre alt sein<\/li><li>F\u00fchrerschein: Der Fahrer muss seit mindestens einem Jahr im Besitz eines g\u00fcltigen F\u00fchrerscheins sein<\/li><li>Mindestmietdauer: Ein Tag. Jede weitere Stunde wird mit 1\/5 des regul\u00e4ren Tagespreises berechnet<\/li><li>Zahlungsbedingungen: Der voraussichtliche Mietpreis wird im Voraus bezahlt<\/li><li>Haftpflichtversicherung ( <em><strong>im Preis inbegriffen<\/strong><\/em> ): Die Preise beinhalten folgende Deckungen:<\/li><li>Tod und K\u00f6rperverletzung von Personen, die keine Passagiere des CARAVEL-Autos sind<\/li><li>Sachsch\u00e4den an Gegenst\u00e4nden, die nicht im CARAVEL-Auto mitgef\u00fchrt werden<\/li><li>Vollkaskoversicherung -Collision Damage Waiver- ( <em><strong>im Preis inbegriffen<\/strong><\/em> ) Reduziert die Haftung des Mieters f\u00fcr Sch\u00e4den am Fahrzeug, wenn er\/sie die entsprechenden Bedingungen durch Unterzeichnung akzeptiert.<\/li><li>Die spezielle Vollkaskoversicherung (ohne \u00dcberschuss) SCDW ist nicht im Preis inbegriffen. Extra 10\u20ac pro Tag f\u00fcr die Gruppen A &#8211; D und 20\u20ac pro Tag f\u00fcr die Gruppen E &#8211; R.<\/li><li><span style=\"background-color: transparent; color: var( --e-global-color-text ); font-family: var( --e-global-typography-text-font-family ), Sans-serif; font-weight: var( --e-global-typography-text-font-weight );\">Unabdingbare Voraussetzung ist das Fahren nach StVZO.<\/span><\/li><li><span style=\"background-color: transparent; color: var( --e-global-color-text ); font-family: var( --e-global-typography-text-font-family ), Sans-serif; font-weight: var( --e-global-typography-text-font-weight );\">Unfallversicherung ( <\/span><em style=\"background-color: transparent; color: var( --e-global-color-text ); font-family: var( --e-global-typography-text-font-family ), Sans-serif; font-weight: var( --e-global-typography-text-font-weight );\"><strong>im Preis inbegriffen<\/strong><\/em><span style=\"background-color: transparent; color: var( --e-global-color-text ); font-family: var( --e-global-typography-text-font-family ), Sans-serif; font-weight: var( --e-global-typography-text-font-weight );\"> ): Der Fahrer und die Mitfahrer sind bei Unf\u00e4llen bis zu 15.000 \u20ac versichert<\/span><\/li><li>Diebstahlschutz ( <em><strong>im Preis inbegriffen<\/strong><\/em> )<\/li><li>Zusatzfahrergeb\u00fchr (nicht im Preis inbegriffen): : Tagessatz 2 \u20ac<\/li><li>MwSt. 24% ( <em><strong>im Preis enthalten<\/strong><\/em> )<\/li><li>Benzin: Wird vom Mieter bezahlt<\/li><li>Lieferung \/ Abholung: Innerhalb der Stadtgrenzen von Heraklion, an den Flugh\u00e4fen und H\u00e4fen w\u00e4hrend der B\u00fcrozeiten kostenlos. Eine Mahnung ist erforderlich.<\/li><li>Autoversand: Nur mit schriftlicher Genehmigung des Unternehmens erlaubt<\/li><li><strong>Der Kunde ( ohne Aufpreis ) und das Unternehmen ( CARAVEL SA ) haben das Recht , die Reservierung jederzeit zu stornieren .<\/strong><\/li><\/ul>\t\t\t\t\t\t\t\t<\/div>\n\t\t\t\t<\/div>\n\t\t\t\t\t<\/div>\n\t\t<\/div>\n\t\t\t\t\t<\/div>\n\t\t<\/section>\n\t\t\t\t\t<\/div>\n\t\t<\/div>\n\t\t\t\t\t<\/div>\n\t\t<\/section>\n\t\t\t\t<\/div>\n\t\t","protected":false},"excerpt":{"rendered":"<p>Allgemeine Bedingungen Alter von Mieter und Fahrer: Muss mindestens 21 Jahre alt sein F\u00fchrerschein: Der Fahrer muss seit mindestens einem Jahr im Besitz eines g\u00fcltigen F\u00fchrerscheins sein Mindestmietdauer: Ein Tag. Jede weitere Stunde wird mit 1\/5 des regul\u00e4ren Tagespreises berechnet Zahlungsbedingungen: Der voraussichtliche Mietpreis wird im Voraus bezahlt Haftpflichtversicherung ( im Preis inbegriffen ): Die [&hellip;]<\/p>\n","protected":false},"author":4,"featured_media":0,"parent":0,"menu_order":0,"comment_status":"closed","ping_status":"closed","template":"","meta":{"footnotes":""},"class_list":["post-3115","page","type-page","status-publish","hentry"],"yoast_head":"<!-- This site is optimized with the Yoast SEO Premium plugin v22.7 (Yoast SEO v27.4) - https:\/\/yoast.com\/product\/yoast-seo-premium-wordpress\/ -->\n<title>Bedingungen - Rent A Car Crete with Caravel<\/title>\n<meta name=\"robots\" content=\"index, follow, max-snippet:-1, max-image-preview:large, max-video-preview:-1\" \/>\n<link rel=\"canonical\" href=\"https:\/\/caravel.gr\/terms\/\" \/>\n<meta property=\"og:locale\" content=\"de_DE\" \/>\n<meta property=\"og:type\" content=\"article\" \/>\n<meta property=\"og:title\" content=\"Bedingungen\" \/>\n<meta property=\"og:description\" content=\"Allgemeine Bedingungen Alter von Mieter und Fahrer: Muss mindestens 21 Jahre alt sein F\u00fchrerschein: Der Fahrer muss seit mindestens einem Jahr im Besitz eines g\u00fcltigen F\u00fchrerscheins sein Mindestmietdauer: Ein Tag. Jede weitere Stunde wird mit 1\/5 des regul\u00e4ren Tagespreises berechnet Zahlungsbedingungen: Der voraussichtliche Mietpreis wird im Voraus bezahlt Haftpflichtversicherung ( im Preis inbegriffen ): Die [&hellip;]\" \/>\n<meta property=\"og:url\" content=\"https:\/\/caravel.gr\/terms\/\" \/>\n<meta property=\"og:site_name\" content=\"Rent A Car Crete with Caravel\" \/>\n<meta property=\"article:modified_time\" content=\"2025-07-20T07:16:17+00:00\" \/>\n<meta name=\"twitter:card\" content=\"summary_large_image\" \/>\n<meta name=\"twitter:label1\" content=\"Gesch\u00e4tzte Lesezeit\" \/>\n\t<meta name=\"twitter:data1\" content=\"2\u00a0Minuten\" \/>\n<script type=\"application\/ld+json\" class=\"yoast-schema-graph\">{\"@context\":\"https:\\\/\\\/schema.org\",\"@graph\":[{\"@type\":\"WebPage\",\"@id\":\"https:\\\/\\\/caravel.gr\\\/terms\\\/\",\"url\":\"https:\\\/\\\/caravel.gr\\\/terms\\\/\",\"name\":\"Bedingungen - Rent A Car Crete with Caravel\",\"isPartOf\":{\"@id\":\"https:\\\/\\\/caravel.gr\\\/#website\"},\"datePublished\":\"2022-02-11T12:13:14+00:00\",\"dateModified\":\"2025-07-20T07:16:17+00:00\",\"breadcrumb\":{\"@id\":\"https:\\\/\\\/caravel.gr\\\/terms\\\/#breadcrumb\"},\"inLanguage\":\"de\",\"potentialAction\":[{\"@type\":\"ReadAction\",\"target\":[\"https:\\\/\\\/caravel.gr\\\/terms\\\/\"]}]},{\"@type\":\"BreadcrumbList\",\"@id\":\"https:\\\/\\\/caravel.gr\\\/terms\\\/#breadcrumb\",\"itemListElement\":[{\"@type\":\"ListItem\",\"position\":1,\"name\":\"Home\",\"item\":\"https:\\\/\\\/caravel.gr\\\/\"},{\"@type\":\"ListItem\",\"position\":2,\"name\":\"Bedingungen\"}]},{\"@type\":\"WebSite\",\"@id\":\"https:\\\/\\\/caravel.gr\\\/#website\",\"url\":\"https:\\\/\\\/caravel.gr\\\/\",\"name\":\"Rent A Car Crete with Caravel\",\"description\":\"Car Hire in Crete\",\"publisher\":{\"@id\":\"https:\\\/\\\/caravel.gr\\\/#organization\"},\"potentialAction\":[{\"@type\":\"SearchAction\",\"target\":{\"@type\":\"EntryPoint\",\"urlTemplate\":\"https:\\\/\\\/caravel.gr\\\/?s={search_term_string}\"},\"query-input\":{\"@type\":\"PropertyValueSpecification\",\"valueRequired\":true,\"valueName\":\"search_term_string\"}}],\"inLanguage\":\"de\"},{\"@type\":\"Organization\",\"@id\":\"https:\\\/\\\/caravel.gr\\\/#organization\",\"name\":\"Rent A Car Crete with Caravel\",\"url\":\"https:\\\/\\\/caravel.gr\\\/\",\"logo\":{\"@type\":\"ImageObject\",\"inLanguage\":\"de\",\"@id\":\"https:\\\/\\\/caravel.gr\\\/#\\\/schema\\\/logo\\\/image\\\/\",\"url\":\"https:\\\/\\\/caravel.gr\\\/wp-content\\\/uploads\\\/2022\\\/01\\\/caravel-logo_0_0.jpg\",\"contentUrl\":\"https:\\\/\\\/caravel.gr\\\/wp-content\\\/uploads\\\/2022\\\/01\\\/caravel-logo_0_0.jpg\",\"width\":210,\"height\":80,\"caption\":\"Rent A Car Crete with Caravel\"},\"image\":{\"@id\":\"https:\\\/\\\/caravel.gr\\\/#\\\/schema\\\/logo\\\/image\\\/\"}}]}<\/script>\n<!-- \/ Yoast SEO Premium plugin. -->","yoast_head_json":{"title":"Bedingungen - Rent A Car Crete with Caravel","robots":{"index":"index","follow":"follow","max-snippet":"max-snippet:-1","max-image-preview":"max-image-preview:large","max-video-preview":"max-video-preview:-1"},"canonical":"https:\/\/caravel.gr\/terms\/","og_locale":"de_DE","og_type":"article","og_title":"Bedingungen","og_description":"Allgemeine Bedingungen Alter von Mieter und Fahrer: Muss mindestens 21 Jahre alt sein F\u00fchrerschein: Der Fahrer muss seit mindestens einem Jahr im Besitz eines g\u00fcltigen F\u00fchrerscheins sein Mindestmietdauer: Ein Tag. Jede weitere Stunde wird mit 1\/5 des regul\u00e4ren Tagespreises berechnet Zahlungsbedingungen: Der voraussichtliche Mietpreis wird im Voraus bezahlt Haftpflichtversicherung ( im Preis inbegriffen ): Die [&hellip;]","og_url":"https:\/\/caravel.gr\/terms\/","og_site_name":"Rent A Car Crete with Caravel","article_modified_time":"2025-07-20T07:16:17+00:00","twitter_card":"summary_large_image","twitter_misc":{"Gesch\u00e4tzte Lesezeit":"2\u00a0Minuten"},"schema":{"@context":"https:\/\/schema.org","@graph":[{"@type":"WebPage","@id":"https:\/\/caravel.gr\/terms\/","url":"https:\/\/caravel.gr\/terms\/","name":"Bedingungen - Rent A Car Crete with Caravel","isPartOf":{"@id":"https:\/\/caravel.gr\/#website"},"datePublished":"2022-02-11T12:13:14+00:00","dateModified":"2025-07-20T07:16:17+00:00","breadcrumb":{"@id":"https:\/\/caravel.gr\/terms\/#breadcrumb"},"inLanguage":"de","potentialAction":[{"@type":"ReadAction","target":["https:\/\/caravel.gr\/terms\/"]}]},{"@type":"BreadcrumbList","@id":"https:\/\/caravel.gr\/terms\/#breadcrumb","itemListElement":[{"@type":"ListItem","position":1,"name":"Home","item":"https:\/\/caravel.gr\/"},{"@type":"ListItem","position":2,"name":"Bedingungen"}]},{"@type":"WebSite","@id":"https:\/\/caravel.gr\/#website","url":"https:\/\/caravel.gr\/","name":"Rent A Car Crete with Caravel","description":"Car Hire in Crete","publisher":{"@id":"https:\/\/caravel.gr\/#organization"},"potentialAction":[{"@type":"SearchAction","target":{"@type":"EntryPoint","urlTemplate":"https:\/\/caravel.gr\/?s={search_term_string}"},"query-input":{"@type":"PropertyValueSpecification","valueRequired":true,"valueName":"search_term_string"}}],"inLanguage":"de"},{"@type":"Organization","@id":"https:\/\/caravel.gr\/#organization","name":"Rent A Car Crete with Caravel","url":"https:\/\/caravel.gr\/","logo":{"@type":"ImageObject","inLanguage":"de","@id":"https:\/\/caravel.gr\/#\/schema\/logo\/image\/","url":"https:\/\/caravel.gr\/wp-content\/uploads\/2022\/01\/caravel-logo_0_0.jpg","contentUrl":"https:\/\/caravel.gr\/wp-content\/uploads\/2022\/01\/caravel-logo_0_0.jpg","width":210,"height":80,"caption":"Rent A Car Crete with Caravel"},"image":{"@id":"https:\/\/caravel.gr\/#\/schema\/logo\/image\/"}}]}},"_links":{"self":[{"href":"https:\/\/caravel.gr\/de\/wp-json\/wp\/v2\/pages\/3115","targetHints":{"allow":["GET"]}}],"collection":[{"href":"https:\/\/caravel.gr\/de\/wp-json\/wp\/v2\/pages"}],"about":[{"href":"https:\/\/caravel.gr\/de\/wp-json\/wp\/v2\/types\/page"}],"author":[{"embeddable":true,"href":"https:\/\/caravel.gr\/de\/wp-json\/wp\/v2\/users\/4"}],"replies":[{"embeddable":true,"href":"https:\/\/caravel.gr\/de\/wp-json\/wp\/v2\/comments?post=3115"}],"version-history":[{"count":42,"href":"https:\/\/caravel.gr\/de\/wp-json\/wp\/v2\/pages\/3115\/revisions"}],"predecessor-version":[{"id":5061,"href":"https:\/\/caravel.gr\/de\/wp-json\/wp\/v2\/pages\/3115\/revisions\/5061"}],"wp:attachment":[{"href":"https:\/\/caravel.gr\/de\/wp-json\/wp\/v2\/media?parent=3115"}],"curies":[{"name":"wp","href":"https:\/\/api.w.org\/{rel}","templated":true}]}}